{"id":241,"date":"2025-03-21T01:58:41","date_gmt":"2025-03-21T01:58:41","guid":{"rendered":"https:\/\/herdemlaw.com\/?page_id=241"},"modified":"2026-01-29T15:16:49","modified_gmt":"2026-01-29T15:16:49","slug":"our-client","status":"publish","type":"page","link":"https:\/\/herdemlaw.com\/tr-tr\/our-client\/","title":{"rendered":"M\u00fcvekkillerimiz"},"content":{"rendered":"<div class=\"gb-element-e569419b\">\n<img loading=\"lazy\" decoding=\"async\" width=\"1440\" height=\"845\" class=\"gb-media-9a043f70\" src=\"https:\/\/herdemlaw.com\/wp-content\/uploads\/2025\/03\/client.webp\" title=\"client\" srcset=\"https:\/\/herdemlaw.com\/wp-content\/uploads\/2025\/03\/client.webp 1440w, https:\/\/herdemlaw.com\/wp-content\/uploads\/2025\/03\/client-300x176.webp 300w, https:\/\/herdemlaw.com\/wp-content\/uploads\/2025\/03\/client-1024x601.webp 1024w, https:\/\/herdemlaw.com\/wp-content\/uploads\/2025\/03\/client-768x451.webp 768w\" sizes=\"auto, (max-width: 1440px) 100vw, 1440px\" \/>\n\n\n\n<div class=\"gb-element-a3a06bbb\">\n<div><\/div>\n\n\n\n<div class=\"gb-element-88003016\">\n<p class=\"gb-text gb-text-977d40fa\">HERDEM Avukatl\u0131k B\u00fcrosu (\u201cHERDEM\u201d), bireylere ve kurumlara uyu\u015fmazl\u0131klar\u0131n \u00e7\u00f6z\u00fcm\u00fcnde, geleceklerinin g\u00fcvence alt\u0131na al\u0131nmas\u0131nda ve f\u0131rsatlar\u0131n geli\u015ftirilmesinde yard\u0131mc\u0131 olmaktad\u0131r. Hukuk ekibimiz, ihtiya\u00e7 duyulan hukuki hizmetleri en profesyonel \u015fekilde sunmaktad\u0131r. M\u00fcvekkillerimizi her a\u015famada \u00f6ng\u00f6r\u00fclebilir sonu\u00e7lar hakk\u0131nda bilgilendirmek i\u00e7in, g\u00f6reve ba\u015flamadan \u00f6nce konuyu titizlikle analiz etmeye \u00f6ncelik veriyoruz. Ayr\u0131ca, m\u00fcvekkillerimize kendi alanlar\u0131yla ilgili de\u011ferli bilgiler sunarak onlara katk\u0131da bulunmaktay\u0131z. HERDEM, m\u00fcvekkilleriyle uzun vadeli ili\u015fkiler kurmaya \u00f6nem vermektedir. M\u00fcvekkillerimizin \u201cg\u00fcvenilir dan\u0131\u015fman\u0131\u201d olarak, gelecek stratejilerini etkileyebilecek her t\u00fcrl\u00fc geli\u015fmeden m\u00fcvekkillerimizi haberdar etmekteyiz.\n\nHERDEM, birinci s\u0131n\u0131f hukuki hizmetleri eri\u015filebilir \u00fccretlerle sunmaktad\u0131r. \u00dccretlerimiz konusunda her zaman \u015feffaf ve adil davranmaktay\u0131z. M\u00fcvekkillerimizin b\u00fct\u00e7elerini kontrol alt\u0131nda tutabilmeleri i\u00e7in maliyet tahminlerinin t\u00fcm ayr\u0131nt\u0131lar\u0131n\u0131 onlara sunmaktay\u0131z.<br><br>HERDEM, birinci s\u0131n\u0131f hukuki hizmetleri eri\u015filebilir \u00fccretlerle sunmaktad\u0131r. \u00dccretlerimiz konusunda her zaman \u015feffaf ve adil davranmaktay\u0131z. M\u00fcvekkillerimizin b\u00fct\u00e7elerini kontrol alt\u0131nda tutabilmeleri i\u00e7in maliyet tahminlerinin t\u00fcm ayr\u0131nt\u0131lar\u0131n\u0131 onlara sunmaktay\u0131z.<br><br>M\u00fcvekkil-Avukat \u0130li\u015fkisi:\n\nHERDEM, mesleki \u00e7al\u0131\u015fmalar\u0131nda ba\u011f\u0131ms\u0131zl\u0131\u011f\u0131 ilke edinmi\u015ftir. Bu nedenle, bu ilkeye zarar verecek her t\u00fcrl\u00fc davran\u0131\u015ftan ka\u00e7\u0131nmaktay\u0131z. M\u00fcvekkillerimizin temsil ama\u00e7lar\u0131na ili\u015fkin kararlar\u0131na ba\u011fl\u0131 kalmaktay\u0131z. Uyu\u015fmazl\u0131\u011f\u0131n olas\u0131 bir sonucu olarak m\u00fcvekkile hukuki g\u00f6r\u00fc\u015f\u00fcm\u00fcz\u00fc bildirebiliriz. Bununla birlikte, bu t\u00fcr g\u00f6r\u00fc\u015fler hi\u00e7bir ko\u015fulda mutlak olarakkabul edilip de\u011ferlendirilemez.<br><br>Bu belgeler, i\u015fin niteli\u011fine ba\u011fl\u0131 olarak belirli bir s\u00fcre boyunca kay\u0131tlar\u0131m\u0131zda muhafaza edilecektir (Geri almay\u0131 talep etti\u011finiz ve taraf\u0131m\u0131zdan teminat alt\u0131na al\u0131nmayan belgeler hari\u00e7).<br><br>Hi\u00e7bir \u015fik\u00e2yet talebinin ortaya \u00e7\u0131kmas\u0131 beklenmemektedir. Bununla birlikte, bir m\u00fcvekkilimizin HERDEM'e kar\u015f\u0131 bir \u015fik\u00e2yette bulunmas\u0131 halinde, bu \u015fik\u00e2yet \u015eikayetler Prosed\u00fcr\u00fcm\u00fcze uygun olarak ele al\u0131nacakt\u0131r. Profesyonel Tazminat Sigortac\u0131lar\u0131m\u0131za bildirimde bulunmam\u0131z\u0131 gerektiren bir talep olmas\u0131 durumunda, \u015eik\u00e2yet Prosed\u00fcr\u00fcn\u00fcn de\u011fi\u015ftirilmesi gerekebilir. B\u00f6yle bir durumda size durum hakk\u0131nda bilgi verilecektir. \u015eik\u00e2yet Prosed\u00fcr\u00fc hakk\u0131nda daha fazla bilgi edinmek i\u00e7in l\u00fctfen bizimle ileti\u015fime ge\u00e7iniz.<\/p>\n\n\n\n<a class=\"gb-text gb-text-d2c3113c redBtn\" href=\"\/tr-tr\/contact-us\/\">Bize Ula\u015f\u0131n<\/a>\n<\/div>\n<\/div>\n<\/div>","protected":false},"excerpt":{"rendered":"<p>HERDEM Attorneys at Law (\u201cHERDEM\u201c) assists individuals and entities in resolving disputes, safeguarding their future and enhancing opportunities. Our legal &#8230; <a title=\"M\u00fcvekkillerimiz\" class=\"read-more\" href=\"https:\/\/herdemlaw.com\/tr-tr\/our-client\/\" aria-label=\"Read more about Our Client\">Read more<\/a><\/p>","protected":false},"author":1,"featured_media":0,"parent":0,"menu_order":0,"comment_status":"closed","ping_status":"closed","template":"","meta":{"footnotes":""},"class_list":["post-241","page","type-page","status-publish"],"aioseo_notices":[],"_links":{"self":[{"href":"https:\/\/herdemlaw.com\/tr-tr\/wp-json\/wp\/v2\/pages\/241","targetHints":{"allow":["GET"]}}],"collection":[{"href":"https:\/\/herdemlaw.com\/tr-tr\/wp-json\/wp\/v2\/pages"}],"about":[{"href":"https:\/\/herdemlaw.com\/tr-tr\/wp-json\/wp\/v2\/types\/page"}],"author":[{"embeddable":true,"href":"https:\/\/herdemlaw.com\/tr-tr\/wp-json\/wp\/v2\/users\/1"}],"replies":[{"embeddable":true,"href":"https:\/\/herdemlaw.com\/tr-tr\/wp-json\/wp\/v2\/comments?post=241"}],"version-history":[{"count":17,"href":"https:\/\/herdemlaw.com\/tr-tr\/wp-json\/wp\/v2\/pages\/241\/revisions"}],"predecessor-version":[{"id":599,"href":"https:\/\/herdemlaw.com\/tr-tr\/wp-json\/wp\/v2\/pages\/241\/revisions\/599"}],"wp:attachment":[{"href":"https:\/\/herdemlaw.com\/tr-tr\/wp-json\/wp\/v2\/media?parent=241"}],"curies":[{"name":"wp","href":"https:\/\/api.w.org\/{rel}","templated":true}]}}