{"id":239,"date":"2025-03-21T01:58:29","date_gmt":"2025-03-21T01:58:29","guid":{"rendered":"https:\/\/herdemlaw.com\/?page_id=239"},"modified":"2025-04-09T20:19:55","modified_gmt":"2025-04-09T20:19:55","slug":"human-resources","status":"publish","type":"page","link":"https:\/\/herdemlaw.com\/tr-tr\/human-resources\/","title":{"rendered":"\u0130nsan Kaynaklar\u0131"},"content":{"rendered":"<div>\n<div class=\"gb-element-a3a06bbb\">\n<p class=\"gb-text gb-text-977d40fa\">A\u015fa\u011f\u0131daki niteliklere sahip t\u00fcm yerli ve yabanc\u0131 hukuk \u00f6\u011frencilerini, stajyerleri ve avukatlar\u0131 a\u011f\u0131rlamaktan memnuniyet duyar\u0131z:<br><br><\/p>\n\n\n\n<div class=\"gb-element-b1e590cc\">\n<div class=\"gb-element-cd6d0f83\">\n<div class=\"gb-element-3b3578a0 bounceAnimation\">\n<img loading=\"lazy\" decoding=\"async\" width=\"512\" height=\"512\" class=\"gb-media-262ac2da\" src=\"https:\/\/herdemlaw.com\/wp-content\/uploads\/2025\/03\/cropped-h-favicon.png\" title=\"cropped-h-favicon.png\" srcset=\"https:\/\/herdemlaw.com\/wp-content\/uploads\/2025\/03\/cropped-h-favicon.png 512w, https:\/\/herdemlaw.com\/wp-content\/uploads\/2025\/03\/cropped-h-favicon-300x300.png 300w, https:\/\/herdemlaw.com\/wp-content\/uploads\/2025\/03\/cropped-h-favicon-150x150.png 150w, https:\/\/herdemlaw.com\/wp-content\/uploads\/2025\/03\/cropped-h-favicon-270x270.png 270w, https:\/\/herdemlaw.com\/wp-content\/uploads\/2025\/03\/cropped-h-favicon-192x192.png 192w, https:\/\/herdemlaw.com\/wp-content\/uploads\/2025\/03\/cropped-h-favicon-180x180.png 180w, https:\/\/herdemlaw.com\/wp-content\/uploads\/2025\/03\/cropped-h-favicon-32x32.png 32w\" sizes=\"auto, (max-width: 512px) 100vw, 512px\" \/>\n<\/div>\n\n\n\n<h3 class=\"gb-text gb-text-cfdce35c\">Yaz Staj\u0131 Program\u0131<\/h3>\n\n\n\n<p class=\"gb-text gb-text-f0a48f28\">Yaz program\u0131m\u0131z hukuk \u00f6\u011frencilerine dinamik bir hukuk ortam\u0131nda uygulamal\u0131 deneyim kazanma f\u0131rsat\u0131 sunmaktad\u0131r. Kat\u0131l\u0131mc\u0131lar, deneyimli avukatlar\u0131n g\u00f6zetiminde yasal ara\u015ft\u0131rma, vaka analizi ve rapor haz\u0131rlama \u00e7al\u0131\u015fmalar\u0131 yapacaklard\u0131r. Program, ger\u00e7ek d\u00fcnya \u00f6devleri arac\u0131l\u0131\u011f\u0131yla ele\u015ftirel d\u00fc\u015f\u00fcnme, yasal yazma ve mesleki becerileri geli\u015ftirmek i\u00e7in tasarlanm\u0131\u015ft\u0131r. Adaylar\u0131n g\u00fc\u00e7l\u00fc akademik performans, ak\u0131c\u0131 \u0130ngilizce ve mesleki geli\u015fime ba\u011fl\u0131l\u0131k g\u00f6stermeleri gerekmektedir. Haftada en az \u00fc\u00e7 g\u00fcn ofisimizde \u00e7al\u0131\u015fma taahh\u00fcd\u00fc gerekmektedir.<\/p>\n<\/div>\n\n\n\n<div class=\"gb-element-d1848ac8\">\n<div class=\"gb-element-18221702 bounceAnimation\">\n<img loading=\"lazy\" decoding=\"async\" width=\"512\" height=\"512\" class=\"gb-media-cbc36cae\" src=\"https:\/\/herdemlaw.com\/wp-content\/uploads\/2025\/03\/cropped-h-favicon.png\" title=\"cropped-h-favicon.png\" srcset=\"https:\/\/herdemlaw.com\/wp-content\/uploads\/2025\/03\/cropped-h-favicon.png 512w, https:\/\/herdemlaw.com\/wp-content\/uploads\/2025\/03\/cropped-h-favicon-300x300.png 300w, https:\/\/herdemlaw.com\/wp-content\/uploads\/2025\/03\/cropped-h-favicon-150x150.png 150w, https:\/\/herdemlaw.com\/wp-content\/uploads\/2025\/03\/cropped-h-favicon-270x270.png 270w, https:\/\/herdemlaw.com\/wp-content\/uploads\/2025\/03\/cropped-h-favicon-192x192.png 192w, https:\/\/herdemlaw.com\/wp-content\/uploads\/2025\/03\/cropped-h-favicon-180x180.png 180w, https:\/\/herdemlaw.com\/wp-content\/uploads\/2025\/03\/cropped-h-favicon-32x32.png 32w\" sizes=\"auto, (max-width: 512px) 100vw, 512px\" \/>\n<\/div>\n\n\n\n<h3 class=\"gb-text gb-text-318dfc22\">Avukat<\/h3>\n\n\n\n<p class=\"gb-text gb-text-e688d62f\">Avukat geli\u015ftirme program\u0131m\u0131z, zorlu ve \u00f6d\u00fcllendirici bir hukuk ortam\u0131nda kariyerlerini ilerletmek isteyen hukuk\u00e7ular i\u00e7in haz\u0131rlanm\u0131\u015ft\u0131r. Avukatlar, y\u00fcksek profilli davalar \u00fczerinde \u00e7al\u0131\u015fma, yasal stratejilere katk\u0131da bulunma ve deneyimli meslekta\u015flar\u0131yla i\u015fbirli\u011fi yapma f\u0131rsat\u0131na sahip olacaklard\u0131r. Program, liderlik ve mesleki geli\u015fimi te\u015fvik ederken yasal ara\u015ft\u0131rma, savunuculuk ve m\u00fcvekkil etkile\u015fimine odaklanmaktad\u0131r. Adaylar\u0131n g\u00fc\u00e7l\u00fc bir akademik ge\u00e7mi\u015fe, m\u00fckemmel ara\u015ft\u0131rma ve sunum becerilerine ve ak\u0131c\u0131 \u0130ngilizceye sahip olmalar\u0131 gerekmektedir. Anlaml\u0131 bir kat\u0131l\u0131m i\u00e7in haftada en az \u00fc\u00e7 g\u00fcn ofisimizde bulunulmas\u0131 gerekmektedir.<\/p>\n<\/div>\n\n\n\n<div class=\"gb-element-41600961\">\n<div class=\"gb-element-9ce49fe8 bounceAnimation\">\n<img loading=\"lazy\" decoding=\"async\" width=\"512\" height=\"512\" class=\"gb-media-a0aa81e9\" src=\"https:\/\/herdemlaw.com\/wp-content\/uploads\/2025\/03\/cropped-h-favicon.png\" title=\"cropped-h-favicon.png\" srcset=\"https:\/\/herdemlaw.com\/wp-content\/uploads\/2025\/03\/cropped-h-favicon.png 512w, https:\/\/herdemlaw.com\/wp-content\/uploads\/2025\/03\/cropped-h-favicon-300x300.png 300w, https:\/\/herdemlaw.com\/wp-content\/uploads\/2025\/03\/cropped-h-favicon-150x150.png 150w, https:\/\/herdemlaw.com\/wp-content\/uploads\/2025\/03\/cropped-h-favicon-270x270.png 270w, https:\/\/herdemlaw.com\/wp-content\/uploads\/2025\/03\/cropped-h-favicon-192x192.png 192w, https:\/\/herdemlaw.com\/wp-content\/uploads\/2025\/03\/cropped-h-favicon-180x180.png 180w, https:\/\/herdemlaw.com\/wp-content\/uploads\/2025\/03\/cropped-h-favicon-32x32.png 32w\" sizes=\"auto, (max-width: 512px) 100vw, 512px\" \/>\n<\/div>\n\n\n\n<h3 class=\"gb-text gb-text-86bf51ac\">Yasal Stajyer<\/h3>\n\n\n\n<p class=\"gb-text gb-text-05a5776d\">Yasal staj program\u0131m\u0131z, hukuk fak\u00fcltesi mezunlar\u0131na dinamik bir yasal ortamda uygulamal\u0131 deneyim kazanma f\u0131rsat\u0131 sunmaktad\u0131r. Stajyerler, deneyimli avukatlar\u0131n g\u00f6zetiminde yasal ara\u015ft\u0131rma, s\u00f6zle\u015fme tasla\u011f\u0131 haz\u0131rlama ve dava analizi gibi s\u00fcre\u00e7lere dahil olmaktad\u0131r. Program, ger\u00e7ek d\u00fcnyadaki g\u00f6revler arac\u0131l\u0131\u011f\u0131yla hukuki muhakeme, ara\u015ft\u0131rma becerileri ve mesleki geli\u015fimi geli\u015ftirmek \u00fczere tasarlanm\u0131\u015ft\u0131r. Ba\u015fvuru sahiplerinin g\u00fc\u00e7l\u00fc akademik performans, ak\u0131c\u0131 \u0130ngilizce ve \u015firketler ve ticaret hukukuna g\u00fc\u00e7l\u00fc bir ilgi g\u00f6stermeleri gerekmektedir.<\/p>\n<\/div>\n<\/div>\n<\/div>\n<\/div>\n\n\n\n<div class=\"gb-element-5d82bfe8\">\n<span class=\"gb-shape gb-shape-62bc9556 gb-shape--divider\"><svg xmlns=\"http:\/\/www.w3.org\/2000\/svg\" viewbox=\"0 0 1200 96.2\" preserveaspectratio=\"none\"><path d=\"M0 96.2h1200V72.9l-50-8.9c-50-8.6-150-26.9-250-22.2C800 46.2 700 72.9 600 64 500 55.4 400 10.4 300 1.8 200-7.1 100 19.5 50 32.9L0 46.2v50z\"><\/path><\/svg><\/span>\n\n\n\n<div class=\"gb-element-8d21fd5b\">\n<h2 class=\"gb-text gb-text-689d2986\">Vacant Position<\/h2>\n\n\n\n<p class=\"gb-text gb-text-356cc3d8\">There are currently no vacancies available. However, we are always keen to meet energetic and talented professionals who would like to join our team. If you wish to be considered for any future positions.<\/p>\n<\/div>\n\n\n\n<div class=\"gb-element-23e67cb9\"><div class=\"forminator-ui forminator-custom-form forminator-custom-form-653 forminator-design--default  forminator_ajax\" data-forminator-render=\"0\" data-form=\"forminator-module-653\" data-uid=\"69f40ff1c570f\"><br\/><\/div><form\n\t\t\t\tid=\"forminator-module-653\"\n\t\t\t\tclass=\"forminator-ui forminator-custom-form forminator-custom-form-653 forminator-design--default  forminator_ajax\"\n\t\t\t\tmethod=\"post\"\n\t\t\t\tdata-forminator-render=\"0\"\n\t\t\t\tdata-form-id=\"653\"\n\t\t\t\tenctype=\"multipart\/form-data\" data-color-option=\"theme\" data-design=\"default\" data-grid=\"open\" style=\"display: none;\"\n\t\t\t\tdata-uid=\"69f40ff1c570f\" action=\"\"\n\t\t\t><div role=\"alert\" aria-live=\"polite\" class=\"forminator-response-message forminator-error\" aria-hidden=\"true\"><\/div><div class=\"forminator-row\"><div id=\"name-1\" class=\"forminator-field-name forminator-col forminator-col-12\"><div class=\"forminator-row forminator-no-margin\" data-multiple=\"true\"><div class=\"forminator-col forminator-col-md-6\"><div class=\"forminator-field\"><label for=\"forminator-field-first-name-1_69f40ff1c570f\" id=\"forminator-field-first-name-1_69f40ff1c570f-label\" class=\"forminator-label\">First Name<\/label><input type=\"text\" name=\"name-1-first-name\" placeholder=\"E.g. John\" id=\"forminator-field-first-name-1_69f40ff1c570f\" class=\"forminator-input\" aria-required=\"false\" data-multi=\"1\" autocomplete=\"given-name\" value=\"\" \/><\/div><\/div><div class=\"forminator-col forminator-col-md-6\"><div class=\"forminator-field\"><label for=\"forminator-field-last-name-1_69f40ff1c570f\" id=\"forminator-field-last-name-1_69f40ff1c570f-label\" class=\"forminator-label\">Last Name<\/label><input type=\"text\" name=\"name-1-last-name\" placeholder=\"E.g. Doe\" id=\"forminator-field-last-name-1_69f40ff1c570f\" class=\"forminator-input\" aria-required=\"false\" data-multi=\"1\" autocomplete=\"family-name\" value=\"\" \/><\/div><\/div><\/div><\/div><\/div><div class=\"forminator-row\"><div id=\"email-1\" class=\"forminator-field-email forminator-col forminator-col-6\"><div class=\"forminator-field\"><label for=\"forminator-field-email-1_69f40ff1c570f\" id=\"forminator-field-email-1_69f40ff1c570f-label\" class=\"forminator-label\">Email Address<\/label><input type=\"email\" name=\"email-1\" value=\"\" placeholder=\"E.g. john@doe.com\" id=\"forminator-field-email-1_69f40ff1c570f\" class=\"forminator-input forminator-email--field\" data-required=\"\" aria-required=\"false\" autocomplete=\"email\" \/><\/div><\/div><div id=\"phone-1\" class=\"forminator-field-phone forminator-col forminator-col-6\"><div class=\"forminator-field\"><label for=\"forminator-field-phone-1_69f40ff1c570f\" id=\"forminator-field-phone-1_69f40ff1c570f-label\" class=\"forminator-label\">Phone <span class=\"forminator-required\">*<\/span><\/label><input type=\"text\" name=\"phone-1\" value=\"\" placeholder=\"E.g. +1 300 400 5000\" id=\"forminator-field-phone-1_69f40ff1c570f\" class=\"forminator-input forminator-field--phone\" data-required=\"1\" aria-required=\"true\" autocomplete=\"off\" \/><\/div><\/div><\/div><div class=\"forminator-row\"><div id=\"upload-1\" class=\"forminator-field-upload forminator-col forminator-col-6\"><div class=\"forminator-field\"><label for=\"forminator-field-upload-1_69f40ff1c570f\" id=\"forminator-field-upload-1_69f40ff1c570f-label\" class=\"forminator-label\">Upload Your Resume <span class=\"forminator-required\">*<\/span><\/label><div class=\"forminator-file-upload\" data-element=\"upload-1_69f40ff1c570f\"><input type=\"file\" name=\"upload-1\" id=\"forminator-field-upload-1_69f40ff1c570f\" class=\"forminator-input-file-required do-validate\" accept=\".jpg,.jpeg,.jpe,.gif,.png,.bmp,.tiff,.tif,.webp,.avif,.ico,.heic,.heif,.heics,.heifs,.asf,.asx,.wmv,.wmx,.wm,.avi,.divx,.flv,.mov,.qt,.mpeg,.mpg,.mpe,.mp4,.m4v,.ogv,.webm,.mkv,.3gp,.3gpp,.3g2,.3gp2,.txt,.asc,.c,.cc,.h,.srt,.csv,.tsv,.ics,.rtx,.vtt,.mp3,.m4a,.m4b,.aac,.ra,.ram,.wav,.ogg,.oga,.flac,.mid,.midi,.wma,.wax,.mka,.rtf,.pdf,.class,.tar,.zip,.gz,.gzip,.7z,.psd,.xcf,.doc,.pot,.pps,.ppt,.wri,.xla,.xls,.xlt,.xlw,.mdb,.mpp,.docx,.docm,.dotx,.dotm,.xlsx,.xlsm,.xlsb,.xltx,.xltm,.xlam,.pptx,.pptm,.ppsx,.ppsm,.potx,.potm,.ppam,.sldx,.sldm,.onetoc,.onetoc2,.onetmp,.onepkg,.oxps,.xps,.odt,.odp,.ods,.odg,.odc,.odb,.odf,.wp,.wpd,.key,.numbers,.pages\" tabindex=\"-1\"><button id=\"forminator-field-upload-1_69f40ff1c570f_button\" class=\"forminator-button forminator-button-upload\" data-id=\"forminator-field-upload-1_69f40ff1c570f\">Dosya Se\u00e7<\/button><span data-empty-text=\"Dosya se\u00e7ilmedi\">Dosya se\u00e7ilmedi<\/span><button class=\"forminator-button-delete\" style=\"display: none;\"><i class=\"forminator-icon-close\" aria-hidden=\"true\"><\/i><span class=\"forminator-screen-reader-only\">Y\u00fcklenen dosyay\u0131 sil<\/span><\/button><\/div><\/div><\/div><div id=\"upload-2\" class=\"forminator-field-upload forminator-col forminator-col-6\"><div class=\"forminator-field\"><label for=\"forminator-field-upload-2_69f40ff1c570f\" id=\"forminator-field-upload-2_69f40ff1c570f-label\" class=\"forminator-label\">Upload Your Cover Letter <span class=\"forminator-required\">*<\/span><\/label><div class=\"forminator-file-upload\" data-element=\"upload-2_69f40ff1c570f\"><input type=\"file\" name=\"upload-2\" id=\"forminator-field-upload-2_69f40ff1c570f\" class=\"forminator-input-file-required do-validate\" accept=\".jpg,.jpeg,.jpe,.gif,.png,.bmp,.tiff,.tif,.webp,.avif,.ico,.heic,.heif,.heics,.heifs,.asf,.asx,.wmv,.wmx,.wm,.avi,.divx,.flv,.mov,.qt,.mpeg,.mpg,.mpe,.mp4,.m4v,.ogv,.webm,.mkv,.3gp,.3gpp,.3g2,.3gp2,.txt,.asc,.c,.cc,.h,.srt,.csv,.tsv,.ics,.rtx,.vtt,.mp3,.m4a,.m4b,.aac,.ra,.ram,.wav,.ogg,.oga,.flac,.mid,.midi,.wma,.wax,.mka,.rtf,.pdf,.class,.tar,.zip,.gz,.gzip,.7z,.psd,.xcf,.doc,.pot,.pps,.ppt,.wri,.xla,.xls,.xlt,.xlw,.mdb,.mpp,.docx,.docm,.dotx,.dotm,.xlsx,.xlsm,.xlsb,.xltx,.xltm,.xlam,.pptx,.pptm,.ppsx,.ppsm,.potx,.potm,.ppam,.sldx,.sldm,.onetoc,.onetoc2,.onetmp,.onepkg,.oxps,.xps,.odt,.odp,.ods,.odg,.odc,.odb,.odf,.wp,.wpd,.key,.numbers,.pages\" tabindex=\"-1\"><button id=\"forminator-field-upload-2_69f40ff1c570f_button\" class=\"forminator-button forminator-button-upload\" data-id=\"forminator-field-upload-2_69f40ff1c570f\">Dosya Se\u00e7<\/button><span data-empty-text=\"Dosya se\u00e7ilmedi\">Dosya se\u00e7ilmedi<\/span><button class=\"forminator-button-delete\" style=\"display: none;\"><i class=\"forminator-icon-close\" aria-hidden=\"true\"><\/i><span class=\"forminator-screen-reader-only\">Y\u00fcklenen dosyay\u0131 sil<\/span><\/button><\/div><\/div><\/div><\/div><input type=\"hidden\" name=\"referer_url\" value=\"\" \/><div class=\"forminator-row forminator-row-last\"><div class=\"forminator-col\"><div class=\"forminator-field\"><button class=\"forminator-button forminator-button-submit\">G\u00f6nder<\/button><\/div><\/div><\/div><input type=\"hidden\" id=\"forminator_nonce\" name=\"forminator_nonce\" value=\"88741d8d4d\" \/><input type=\"hidden\" name=\"_wp_http_referer\" value=\"\/tr-tr\/wp-json\/wp\/v2\/pages\/239\" \/><input type=\"hidden\" name=\"form_id\" value=\"653\"><input type=\"hidden\" name=\"page_id\" value=\"239\"><input type=\"hidden\" name=\"form_type\" value=\"default\"><input type=\"hidden\" name=\"current_url\" value=\"https:\/\/herdemlaw.com\/tr-tr\/human-resources\/\"><input type=\"hidden\" name=\"render_id\" value=\"0\"><input type=\"hidden\" name=\"action\" value=\"forminator_submit_form_custom-forms\"><input type=\"hidden\" name=\"trp-form-language\" value=\"tr-tr\"\/><\/form>\n<\/div>\n<\/div>","protected":false},"excerpt":{"rendered":"<p>We would be glad to welcome all local and international law students, apprentices and attorneys who have the following qualifications; &#8230; <a title=\"\u0130nsan Kaynaklar\u0131\" class=\"read-more\" href=\"https:\/\/herdemlaw.com\/tr-tr\/human-resources\/\" aria-label=\"Read more about Human Resources\">Read more<\/a><\/p>","protected":false},"author":1,"featured_media":0,"parent":0,"menu_order":0,"comment_status":"closed","ping_status":"closed","template":"","meta":{"footnotes":""},"class_list":["post-239","page","type-page","status-publish"],"aioseo_notices":[],"_links":{"self":[{"href":"https:\/\/herdemlaw.com\/tr-tr\/wp-json\/wp\/v2\/pages\/239","targetHints":{"allow":["GET"]}}],"collection":[{"href":"https:\/\/herdemlaw.com\/tr-tr\/wp-json\/wp\/v2\/pages"}],"about":[{"href":"https:\/\/herdemlaw.com\/tr-tr\/wp-json\/wp\/v2\/types\/page"}],"author":[{"embeddable":true,"href":"https:\/\/herdemlaw.com\/tr-tr\/wp-json\/wp\/v2\/users\/1"}],"replies":[{"embeddable":true,"href":"https:\/\/herdemlaw.com\/tr-tr\/wp-json\/wp\/v2\/comments?post=239"}],"version-history":[{"count":27,"href":"https:\/\/herdemlaw.com\/tr-tr\/wp-json\/wp\/v2\/pages\/239\/revisions"}],"predecessor-version":[{"id":7851,"href":"https:\/\/herdemlaw.com\/tr-tr\/wp-json\/wp\/v2\/pages\/239\/revisions\/7851"}],"wp:attachment":[{"href":"https:\/\/herdemlaw.com\/tr-tr\/wp-json\/wp\/v2\/media?parent=239"}],"curies":[{"name":"wp","href":"https:\/\/api.w.org\/{rel}","templated":true}]}}