{"id":234,"date":"2025-03-21T01:58:01","date_gmt":"2025-03-21T01:58:01","guid":{"rendered":"https:\/\/herdemlaw.com\/?page_id=234"},"modified":"2026-02-07T18:57:00","modified_gmt":"2026-02-07T18:57:00","slug":"social-responsibility","status":"publish","type":"page","link":"https:\/\/herdemlaw.com\/tr-tr\/social-responsibility\/","title":{"rendered":"Corporate Social Responsibility"},"content":{"rendered":"<div class=\"gb-element-06063f1e\">\n<div class=\"gb-element-ba6b26d6\">\n<p class=\"gb-text\">Biz, kar\u015f\u0131la\u015ft\u0131klar\u0131 hukuki sorunlara \u201cBirlikte Yan\u0131t Vermek\u201d i\u00e7in m\u00fcvekkillerimizle i\u015fbirli\u011fi yapan bir hukuk b\u00fcrosuyuz. Ayr\u0131ca toplumumuzun kar\u015f\u0131 kar\u015f\u0131ya oldu\u011fu sorunlara \u201cBirlikte Yan\u0131t Vermek\u201d i\u00e7in toplumumuz ile i\u015fbirli\u011fi yapmaktay\u0131z.<br><br>\u00c7ok katmanl\u0131 bir Sosyal Sorumluluk Program\u0131m\u0131z bulunmaktad\u0131r:<br><br>Ara\u015ft\u0131rma enstit\u00fcleri, havac\u0131l\u0131k ve savunma \u015firketleri, teknoloji transfer ofisleri ve \u00fcniversiteler ile her g\u00fcn birlikte \u00e7al\u0131\u015fmaktay\u0131z. \u00d6zellikle teknoloji alan\u0131nda e\u011fitime deste\u011fin sa\u011flanmas\u0131, HERDEM'in Sosyal Sorumluluk Projelerinin katmanlar\u0131ndan birini olu\u015fturmaktad\u0131r.<br><br>Right to inclusion of a person is quite important especially for disabled people. We know how important it is is&nbsp; in every aspect of our lifes. We have been working with charities and NGOs to support disabled people&#8217;s inclusion in civil and business societies.<br><br>\u201c\u0130yi bir vatanda\u015f olmak\u201d kavram\u0131 t\u00fcm katmanlar\u0131m\u0131z\u0131 kapsamaktad\u0131r. K\u0131sacas\u0131, fark yaratabilece\u011fimizi g\u00f6rd\u00fc\u011f\u00fcm\u00fczde fark yarat\u0131yoruz.<\/p>\n<\/div>\n<\/div>\n\n\n\n<div class=\"gb-element-3c76e717\">\n<div class=\"gb-element-b1e590cc\">\n<div class=\"gb-element-cd6d0f83\">\n<div class=\"gb-element-3b3578a0\">\n<img loading=\"lazy\" decoding=\"async\" width=\"64\" height=\"64\" class=\"gb-media-262ac2da\" src=\"https:\/\/herdemlaw.com\/wp-content\/uploads\/2025\/03\/contribution.png\" title=\"contribution\"\/>\n<\/div>\n\n\n\n<h3 class=\"gb-text gb-text-cfdce35c\">Bilgi Ekonomisine Katk\u0131<\/h3>\n\n\n\n<p class=\"gb-text gb-text-f0a48f28\">Herdem Attorneys at Law has launched the<strong><mark style=\"background-color:rgba(0, 0, 0, 0)\" class=\"has-inline-color has-base-color\"> <\/mark><a href=\"https:\/\/ttcsn.com\/\" data-type=\"link\" data-id=\"https:\/\/ttcsn.com\/\" rel=\"noopener\"><mark style=\"background-color:var(--base)\" class=\"has-inline-color\">Turkish Trade Compliance &amp; Sanctions Network (TTCSN)<\/mark><\/a><\/strong> as part of its corporate social responsibility (CSR) initiative. TTCSN aims to become the largest knowledge-sharing platform for compliance professionals, fostering collaboration and best practices in trade compliance and sanctions.<\/p>\n<\/div>\n\n\n\n<div class=\"gb-element-80601401\">\n<div class=\"gb-element-791fa0d1\">\n<img loading=\"lazy\" decoding=\"async\" width=\"64\" height=\"64\" class=\"gb-media-fec1c915\" src=\"https:\/\/herdemlaw.com\/wp-content\/uploads\/2025\/03\/charity.png\" title=\"charity\"\/>\n<\/div>\n\n\n\n<h3 class=\"gb-text gb-text-3f9d2739\">Yard\u0131m Kurulu\u015flar\u0131na Destek Projesi<\/h3>\n\n\n\n<p class=\"gb-text gb-text-7b1a2e61\">HERDEM, \u201c\u015eik\u00e2yet Etme, Harekete Ge\u00e7\u201d mottosuyla hareket eden Ahtopot G\u00f6n\u00fcll\u00fcleri Derne\u011fi'ni desteklemektedir. Biz de farkl\u0131 olmak isteyen her yard\u0131m kurulu\u015funun her zaman yan\u0131nda ve destek\u00e7isi olmaya devam edece\u011fiz.<\/p>\n<\/div>\n\n\n\n<div class=\"gb-element-142fd2b7\">\n<div class=\"gb-element-92804a9a\">\n<img loading=\"lazy\" decoding=\"async\" width=\"64\" height=\"64\" class=\"gb-media-f08e1993\" src=\"https:\/\/herdemlaw.com\/wp-content\/uploads\/2025\/03\/disability.png\" title=\"disability\"\/>\n<\/div>\n\n\n\n<h3 class=\"gb-text gb-text-e9382cc2\">Engelli Bireyler i\u00e7in Sinema Salonu<\/h3>\n\n\n\n<p class=\"gb-text gb-text-8cf0f86c\">HERDEM, engelli bireyler i\u00e7in \u00f6zel olarak tasarlanm\u0131\u015f bir sinema salonunun in\u015fas\u0131n\u0131 finanse etmekten gurur duymaktad\u0131r.<br><a href=\"https:\/\/herdem.av.tr\/herdem360\" rel=\"noopener\"><\/a><\/p>\n<\/div>\n<\/div>\n<\/div>\n\n\n\n<p><\/p>","protected":false},"excerpt":{"rendered":"<p>We are a law firm, partnering with our clients \u201cTo Respond Together\u201d to the legal problems that they face with. &#8230; <a title=\"Corporate Social Responsibility\" class=\"read-more\" href=\"https:\/\/herdemlaw.com\/tr-tr\/social-responsibility\/\" aria-label=\"Read more about Corporate Social Responsibility\">Read more<\/a><\/p>","protected":false},"author":1,"featured_media":0,"parent":0,"menu_order":0,"comment_status":"closed","ping_status":"closed","template":"","meta":{"footnotes":""},"class_list":["post-234","page","type-page","status-publish"],"aioseo_notices":[],"_links":{"self":[{"href":"https:\/\/herdemlaw.com\/tr-tr\/wp-json\/wp\/v2\/pages\/234","targetHints":{"allow":["GET"]}}],"collection":[{"href":"https:\/\/herdemlaw.com\/tr-tr\/wp-json\/wp\/v2\/pages"}],"about":[{"href":"https:\/\/herdemlaw.com\/tr-tr\/wp-json\/wp\/v2\/types\/page"}],"author":[{"embeddable":true,"href":"https:\/\/herdemlaw.com\/tr-tr\/wp-json\/wp\/v2\/users\/1"}],"replies":[{"embeddable":true,"href":"https:\/\/herdemlaw.com\/tr-tr\/wp-json\/wp\/v2\/comments?post=234"}],"version-history":[{"count":24,"href":"https:\/\/herdemlaw.com\/tr-tr\/wp-json\/wp\/v2\/pages\/234\/revisions"}],"predecessor-version":[{"id":8246,"href":"https:\/\/herdemlaw.com\/tr-tr\/wp-json\/wp\/v2\/pages\/234\/revisions\/8246"}],"wp:attachment":[{"href":"https:\/\/herdemlaw.com\/tr-tr\/wp-json\/wp\/v2\/media?parent=234"}],"curies":[{"name":"wp","href":"https:\/\/api.w.org\/{rel}","templated":true}]}}