{"id":233,"date":"2025-03-21T01:57:20","date_gmt":"2025-03-21T01:57:20","guid":{"rendered":"https:\/\/herdemlaw.com\/?page_id=233"},"modified":"2025-03-22T22:45:13","modified_gmt":"2025-03-22T22:45:13","slug":"davranis-etigi","status":"publish","type":"page","link":"https:\/\/herdemlaw.com\/tr-tr\/davranis-etigi\/","title":{"rendered":"Sosyal Sorumluluk"},"content":{"rendered":"<div class=\"gb-element-06063f1e\">\n<div class=\"gb-element-dd21541f\">\n<h2 class=\"gb-text gb-text-84e7947b\">T\u00fcm Avukatlar\u0131m\u0131z ve \u00c7al\u0131\u015fanlar\u0131m\u0131z<\/h2>\n\n\n\n<p class=\"gb-text gb-text-342d4f73\">y\u00fcr\u00fcrl\u00fckteki t\u00fcm kanunlara, y\u00f6netmeliklere, i\u00e7 kural ve politikalara uymak zorundad\u0131r. Ayr\u0131ca, HERDEM'in t\u00fcm avukatlar\u0131 ve \u00e7al\u0131\u015fanlar\u0131, itibar\u0131n\u0131 zedeleyecek her t\u00fcrl\u00fc tutum ve davran\u0131\u015ftan ka\u00e7\u0131nmak zorundad\u0131r.<\/p>\n<\/div>\n\n\n\n<div class=\"gb-element-b1e590cc\">\n<div class=\"gb-element-cd6d0f83 animationItem\">\n<div class=\"gb-element-3b3578a0 bounceAnimation\">\n<img loading=\"lazy\" decoding=\"async\" width=\"102\" height=\"102\" class=\"gb-media-262ac2da\" src=\"https:\/\/herdemlaw.com\/wp-content\/uploads\/2025\/03\/about1.png\" title=\"yakla\u015f\u0131k1\"\/>\n<\/div>\n\n\n\n<h3 class=\"gb-text gb-text-cfdce35c\">Verimlilik<\/h3>\n\n\n\n<p class=\"gb-text gb-text-f0a48f28\">m\u00fcvekkillerimizle birlikte \u00e7al\u0131\u015farak hedeflerini ve \u00f6nceliklerini belirlemek ve onlar i\u00e7in etkili bir strateji uygulamakt\u0131r.<\/p>\n<\/div>\n\n\n\n<div class=\"gb-element-d1848ac8\">\n<div class=\"gb-element-18221702 bounceAnimation\">\n<img loading=\"lazy\" decoding=\"async\" width=\"1000\" height=\"586\" class=\"gb-media-cbc36cae\" src=\"https:\/\/herdemlaw.com\/wp-content\/uploads\/2025\/03\/about2.png\" title=\"yakla\u015f\u0131k2\" srcset=\"https:\/\/herdemlaw.com\/wp-content\/uploads\/2025\/03\/about2.png 1000w, https:\/\/herdemlaw.com\/wp-content\/uploads\/2025\/03\/about2-300x176.png 300w, https:\/\/herdemlaw.com\/wp-content\/uploads\/2025\/03\/about2-768x450.png 768w\" sizes=\"auto, (max-width: 1000px) 100vw, 1000px\" \/>\n<\/div>\n\n\n\n<h3 class=\"gb-text gb-text-318dfc22\">Sosyallik<\/h3>\n\n\n\n<p class=\"gb-text gb-text-e688d62f\">Kamusal ya\u015famdaki herhangi bir konuda a\u00e7\u0131k tart\u0131\u015fmalara kat\u0131lmak ve \u00f6nc\u00fcl\u00fck etmek i\u00e7in farkl\u0131 k\u00fclt\u00fcrler ve topluluklarla etkile\u015fim kurmakt\u0131r<\/p>\n<\/div>\n\n\n\n<div class=\"gb-element-41600961\">\n<div class=\"gb-element-9ce49fe8 bounceAnimation\">\n<img loading=\"lazy\" decoding=\"async\" width=\"440\" height=\"486\" class=\"gb-media-a0aa81e9\" src=\"https:\/\/herdemlaw.com\/wp-content\/uploads\/2025\/03\/about3.png\" title=\"yakla\u015f\u0131k3\" srcset=\"https:\/\/herdemlaw.com\/wp-content\/uploads\/2025\/03\/about3.png 440w, https:\/\/herdemlaw.com\/wp-content\/uploads\/2025\/03\/about3-272x300.png 272w\" sizes=\"auto, (max-width: 440px) 100vw, 440px\" \/>\n<\/div>\n\n\n\n<h3 class=\"gb-text gb-text-86bf51ac\">Profesyonellik<\/h3>\n\n\n\n<p class=\"gb-text gb-text-05a5776d\">temsil etti\u011fimiz de\u011ferlerin yeterlili\u011fidir.<\/p>\n<\/div>\n\n\n\n<div class=\"gb-element-21fc603a\">\n<div class=\"gb-element-091b05c8 bounceAnimation\">\n<img loading=\"lazy\" decoding=\"async\" width=\"470\" height=\"496\" class=\"gb-media-7c7996a6\" src=\"https:\/\/herdemlaw.com\/wp-content\/uploads\/2025\/03\/about4.png\" title=\"yakla\u015f\u0131k4\" srcset=\"https:\/\/herdemlaw.com\/wp-content\/uploads\/2025\/03\/about4.png 470w, https:\/\/herdemlaw.com\/wp-content\/uploads\/2025\/03\/about4-284x300.png 284w\" sizes=\"auto, (max-width: 470px) 100vw, 470px\" \/>\n<\/div>\n\n\n\n<h3 class=\"gb-text gb-text-c983ccd7\">\u00d6zveri<\/h3>\n\n\n\n<p class=\"gb-text gb-text-b39862e4\">genel motivasyonumuzdur.<\/p>\n<\/div>\n\n\n\n<div class=\"gb-element-0248abc1\">\n<div class=\"gb-element-b1e8717d bounceAnimation\">\n<img loading=\"lazy\" decoding=\"async\" width=\"512\" height=\"512\" class=\"gb-media-9f49774a\" src=\"https:\/\/herdemlaw.com\/wp-content\/uploads\/2025\/03\/about5.png\" title=\"yakla\u015f\u0131k5\" srcset=\"https:\/\/herdemlaw.com\/wp-content\/uploads\/2025\/03\/about5.png 512w, https:\/\/herdemlaw.com\/wp-content\/uploads\/2025\/03\/about5-300x300.png 300w, https:\/\/herdemlaw.com\/wp-content\/uploads\/2025\/03\/about5-150x150.png 150w\" sizes=\"auto, (max-width: 512px) 100vw, 512px\" \/>\n<\/div>\n\n\n\n<h3 class=\"gb-text gb-text-3d366fcc\">Ayr\u0131mc\u0131l\u0131k Yasa\u011f\u0131<\/h3>\n\n\n\n<p class=\"gb-text gb-text-2a9c16c4\">t\u00fcm HERDEM avukatlar\u0131na ve \u00e7al\u0131\u015fanlar\u0131na ayn\u0131 olanaklar\u0131 sa\u011flamakt\u0131r.<\/p>\n<\/div>\n\n\n\n<div class=\"gb-element-368e6b9b\">\n<div class=\"gb-element-739b0496 bounceAnimation\">\n<img loading=\"lazy\" decoding=\"async\" width=\"512\" height=\"512\" class=\"gb-media-15275fda\" src=\"https:\/\/herdemlaw.com\/wp-content\/uploads\/2025\/03\/about6.png\" title=\"yakla\u015f\u0131k6\" srcset=\"https:\/\/herdemlaw.com\/wp-content\/uploads\/2025\/03\/about6.png 512w, https:\/\/herdemlaw.com\/wp-content\/uploads\/2025\/03\/about6-300x300.png 300w, https:\/\/herdemlaw.com\/wp-content\/uploads\/2025\/03\/about6-150x150.png 150w\" sizes=\"auto, (max-width: 512px) 100vw, 512px\" \/>\n<\/div>\n\n\n\n<h3 class=\"gb-text gb-text-956fb8cc\">S\u00fcreklilik<\/h3>\n\n\n\n<p class=\"gb-text gb-text-62660cc3\">hukuki hizmetlerin yerine getirilmesinde i\u015f yapma metodolojimizdir.<br><a href=\"https:\/\/herdem.av.tr\/herdem360\" rel=\"noopener\"><\/a><\/p>\n<\/div>\n<\/div>\n<\/div>","protected":false},"excerpt":{"rendered":"<p>All Attorneys And Our Employees Must comply with all applicable laws, rules and regulations, internal rules and polices. In addition, &#8230; <a title=\"Davran\u0131\u015f ve Etik\" class=\"read-more\" href=\"https:\/\/herdemlaw.com\/tr-tr\/davranis-etigi\/\" aria-label=\"Read more about Conduct &amp; Ethics\">Read more<\/a><\/p>","protected":false},"author":1,"featured_media":0,"parent":0,"menu_order":0,"comment_status":"closed","ping_status":"closed","template":"","meta":{"footnotes":""},"class_list":["post-233","page","type-page","status-publish"],"aioseo_notices":[],"_links":{"self":[{"href":"https:\/\/herdemlaw.com\/tr-tr\/wp-json\/wp\/v2\/pages\/233","targetHints":{"allow":["GET"]}}],"collection":[{"href":"https:\/\/herdemlaw.com\/tr-tr\/wp-json\/wp\/v2\/pages"}],"about":[{"href":"https:\/\/herdemlaw.com\/tr-tr\/wp-json\/wp\/v2\/types\/page"}],"author":[{"embeddable":true,"href":"https:\/\/herdemlaw.com\/tr-tr\/wp-json\/wp\/v2\/users\/1"}],"replies":[{"embeddable":true,"href":"https:\/\/herdemlaw.com\/tr-tr\/wp-json\/wp\/v2\/comments?post=233"}],"version-history":[{"count":13,"href":"https:\/\/herdemlaw.com\/tr-tr\/wp-json\/wp\/v2\/pages\/233\/revisions"}],"predecessor-version":[{"id":531,"href":"https:\/\/herdemlaw.com\/tr-tr\/wp-json\/wp\/v2\/pages\/233\/revisions\/531"}],"wp:attachment":[{"href":"https:\/\/herdemlaw.com\/tr-tr\/wp-json\/wp\/v2\/media?parent=233"}],"curies":[{"name":"wp","href":"https:\/\/api.w.org\/{rel}","templated":true}]}}