{"id":15,"date":"2025-03-13T19:32:09","date_gmt":"2025-03-13T19:32:09","guid":{"rendered":"https:\/\/herdemlaw.com\/home\/"},"modified":"2025-05-30T01:54:13","modified_gmt":"2025-05-30T01:54:13","slug":"home","status":"publish","type":"page","link":"https:\/\/herdemlaw.com\/tr-tr\/","title":{"rendered":"Home"},"content":{"rendered":"<div class=\"gb-element-11882669\">\n<div class=\"gb-element-bf73e220\">\n<h1 class=\"gb-text gb-text-9e8208e2\">K\u00fcresel bir bak\u0131\u015f a\u00e7\u0131s\u0131yla \u00f6zel, y\u00fcksek kaliteli hukuki \u00e7\u00f6z\u00fcmler sunan tam kapsaml\u0131 bir hukuk b\u00fcrosuyuz.<\/h1>\n<\/div>\n<\/div>\n\n\n\n<div class=\"gb-element-3c76e717\">\n<div class=\"gb-element-b1e590cc\">\n<a class=\"gb-element-cd6d0f83 lightBtn\" href=\"\/tr-tr\/social-responsibility\/\">\n<div class=\"gb-element-3b3578a0\">\n<img loading=\"lazy\" decoding=\"async\" width=\"71\" height=\"70\" class=\"gb-media-262ac2da\" src=\"https:\/\/herdemlaw.com\/wp-content\/uploads\/2025\/03\/homeIcon3.png\" title=\"homeIcon3\"\/>\n<\/div>\n\n\n\n<h3 class=\"gb-text gb-text-cfdce35c\">KSS<\/h3>\n\n\n\n<p class=\"gb-text gb-text-f0a48f28\">HERDEM Avukatl\u0131k B\u00fcrosu, toplumu g\u00fc\u00e7lendirecek ve kapsay\u0131c\u0131l\u0131\u011f\u0131 te\u015fvik edecek giri\u015fimler arac\u0131l\u0131\u011f\u0131yla Kurumsal Sosyal Sorumlulu\u011fa (KSS) b\u00fcy\u00fck \u00f6nem vermektedir.<\/p>\n<\/a>\n\n\n\n<a class=\"gb-element-80601401\" href=\"\/tr-tr\/herdem360\/\">\n<div class=\"gb-element-791fa0d1\">\n<img loading=\"lazy\" decoding=\"async\" width=\"70\" height=\"70\" class=\"gb-media-fec1c915\" src=\"https:\/\/herdemlaw.com\/wp-content\/uploads\/2025\/03\/homeIcon.png\" title=\"homeIcon\"\/>\n<\/div>\n\n\n\n<h3 class=\"gb-text gb-text-3f9d2739\">Herdem 360<\/h3>\n\n\n\n<p class=\"gb-text gb-text-7b1a2e61\">HERDEM 360, farkl\u0131 ge\u00e7mi\u015flere sahip profesyonelleri bir araya getirerek herkesin \u201ce\u015fit\u201d olarak g\u00f6r\u00fcld\u00fc\u011f\u00fc rahat ve kapsay\u0131c\u0131 bir ortamda a\u00e7\u0131k ve ger\u00e7ek zamanl\u0131 ileti\u015fimi te\u015fvik eder.<\/p>\n<\/a>\n\n\n\n<a class=\"gb-element-142fd2b7 lightBtn\" href=\"\/tr-tr\/webinar-podcast\/\">\n<div class=\"gb-element-92804a9a\">\n<img loading=\"lazy\" decoding=\"async\" width=\"78\" height=\"70\" class=\"gb-media-f08e1993\" src=\"https:\/\/herdemlaw.com\/wp-content\/uploads\/2025\/03\/homeIcon1.png\" title=\"homeIcon1\"\/>\n<\/div>\n\n\n\n<h3 class=\"gb-text gb-text-e9382cc2\">Webinar &amp; Podcast<\/h3>\n\n\n\n<p class=\"gb-text gb-text-8cf0f86c\">HERDEM, YouTube'daki web seminerleri ve Spotify'da yay\u0131mlanan podcastler arac\u0131l\u0131\u011f\u0131yla hukuki ve sekt\u00f6rel trendlere ili\u015fkin g\u00f6r\u00fc\u015flerini payla\u015farak sekt\u00f6rler aras\u0131nda bilgi ve i\u015fbirli\u011fini te\u015fvik etmektedir.<\/p>\n<\/a>\n<\/div>\n<\/div>\n\n\n\n<div class=\"gb-element-d63c4542\">\n<div class=\"gb-element-d174765f\">\n<div class=\"gb-element-c492af04\">\n<img loading=\"lazy\" decoding=\"async\" width=\"600\" height=\"600\" class=\"gb-media-509000d7 hide-on-mobile\" src=\"https:\/\/herdemlaw.com\/wp-content\/uploads\/2025\/03\/home4.webp\" title=\"home4\" srcset=\"https:\/\/herdemlaw.com\/wp-content\/uploads\/2025\/03\/home4.webp 600w, https:\/\/herdemlaw.com\/wp-content\/uploads\/2025\/03\/home4-300x300.webp 300w, https:\/\/herdemlaw.com\/wp-content\/uploads\/2025\/03\/home4-150x150.webp 150w\" sizes=\"auto, (max-width: 600px) 100vw, 600px\" \/>\n\n\n\n<img loading=\"lazy\" decoding=\"async\" width=\"461\" height=\"462\" class=\"gb-media-c0fc6a68\" src=\"https:\/\/herdemlaw.com\/wp-content\/uploads\/2025\/03\/homeVideo.webp\" title=\"homeVideo\" id=\"video-trigger\" srcset=\"https:\/\/herdemlaw.com\/wp-content\/uploads\/2025\/03\/homeVideo.webp 461w, https:\/\/herdemlaw.com\/wp-content\/uploads\/2025\/03\/homeVideo-300x300.webp 300w, https:\/\/herdemlaw.com\/wp-content\/uploads\/2025\/03\/homeVideo-150x150.webp 150w\" sizes=\"auto, (max-width: 461px) 100vw, 461px\" \/>\n\n\n\n<!-- Popup Structure -->\n<div id=\"video-popup\" style=\"display:none; position:fixed; top:50%; left:50%; transform:translate(-50%, -50%); padding:10px;\">\n    <div class=\"video-container\">\n        <span id=\"close-popup\" style=\"cursor:pointer;  color:white;\">&times;<\/span>\n        <iframe id=\"video-frame\" data-src=\"https:\/\/www.youtube.com\/embed\/Y_EYNfKEOQg?autoplay=1\" allow=\"autoplay; encrypted-media\" allowfullscreen><\/iframe>\n    <\/div>\n<\/div>\n\n<script>\ndocument.getElementById(\"video-trigger\").addEventListener(\"click\", function() {\n    var iframe = document.getElementById(\"video-frame\");\n    iframe.src = iframe.getAttribute(\"data-src\");\n    document.getElementById(\"video-popup\").style.display = \"block\";\n});\n\n\/\/ Close popup when clicking \"X\"\ndocument.getElementById(\"close-popup\").addEventListener(\"click\", function() {\n    document.getElementById(\"video-popup\").style.display = \"none\";\n    document.getElementById(\"video-frame\").src = \"\"; \/\/ Stop video when closing\n});\n<\/script>\n<\/div>\n\n\n\n<div class=\"gb-element-20432584\">\n<div class=\"gb-element-24ed3137\">\n<img loading=\"lazy\" decoding=\"async\" width=\"743\" height=\"766\" class=\"gb-media-9d871792\" src=\"https:\/\/herdemlaw.com\/wp-content\/uploads\/2025\/03\/h-favicon.png\" title=\"h-favicon\" srcset=\"https:\/\/herdemlaw.com\/wp-content\/uploads\/2025\/03\/h-favicon.png 743w, https:\/\/herdemlaw.com\/wp-content\/uploads\/2025\/03\/h-favicon-291x300.png 291w\" sizes=\"auto, (max-width: 743px) 100vw, 743px\" \/>\n\n\n\n<h6 class=\"gb-text gb-text-dd1710eb\">HAKKIMIZDA<\/h6>\n<\/div>\n\n\n\n<h2 class=\"gb-text gb-text-283d756c\"><strong>HERDEM Hakk\u0131nda<\/strong><\/h2>\n\n\n\n<p class=\"gb-text gb-text-8d4d77ad\">ABD'li, Avrupal\u0131 ve k\u00fcresel \u015firketlere y\u0131llara dayanan dan\u0131\u015fmanl\u0131k tecr\u00fcbemizle, m\u00fc\u015fterilerimizin T\u00fcrkiye'de ve \u00f6tesinde hem f\u0131rsatlara hem de zorluklara haz\u0131rl\u0131kl\u0131 olmalar\u0131n\u0131 sa\u011flamaya \u00e7al\u0131\u015f\u0131yoruz. Yakla\u015f\u0131m\u0131m\u0131z, derin end\u00fcstri bilgisini i\u015fbirlik\u00e7i bir ruhla birle\u015ftirerek, s\u00fcrd\u00fcr\u00fclebilir b\u00fcy\u00fcmeyi ve kal\u0131c\u0131 ortakl\u0131klar\u0131 te\u015fvik etmek i\u00e7in kamu ve \u00f6zel sekt\u00f6rler aras\u0131nda k\u00f6pr\u00fc kurmaktad\u0131r.<br><br>Vizyonunuzu uzmanl\u0131k, d\u00fcr\u00fcstl\u00fck ve m\u00fckemmellik taahh\u00fcd\u00fc ile desteklemek i\u00e7in sab\u0131rs\u0131zlan\u0131yoruz.<br><br>Vizyonunuzu uzmanl\u0131k, d\u00fcr\u00fcstl\u00fck ve m\u00fckemmellik taahh\u00fcd\u00fc ile desteklemek i\u00e7in sab\u0131rs\u0131zlan\u0131yoruz.<br><br>Sayg\u0131lar\u0131mla<br><strong>\u015eafak Herdem<\/strong>&nbsp;<\/p>\n\n\n\n<img loading=\"lazy\" decoding=\"async\" width=\"300\" height=\"294\" class=\"gb-media-75eeb7ee\" src=\"https:\/\/herdemlaw.com\/wp-content\/uploads\/2025\/04\/correct-300x294.png\" title=\"correct\" srcset=\"https:\/\/herdemlaw.com\/wp-content\/uploads\/2025\/04\/correct-300x294.png 300w, https:\/\/herdemlaw.com\/wp-content\/uploads\/2025\/04\/correct-12x12.png 12w, https:\/\/herdemlaw.com\/wp-content\/uploads\/2025\/04\/correct.png 316w\" sizes=\"auto, (max-width: 300px) 100vw, 300px\" \/>\n<\/div>\n<\/div>\n<\/div>\n\n\n\n<div class=\"gb-element-08a2a9c3\">\n<div class=\"gb-element-dd54150c\">\n<div>\n<div class=\"gb-element-5713ca37\">\n<img loading=\"lazy\" decoding=\"async\" width=\"743\" height=\"766\" class=\"gb-media-3b708aca\" src=\"https:\/\/herdemlaw.com\/wp-content\/uploads\/2025\/03\/h-favicon.png\" title=\"h-favicon\" srcset=\"https:\/\/herdemlaw.com\/wp-content\/uploads\/2025\/03\/h-favicon.png 743w, https:\/\/herdemlaw.com\/wp-content\/uploads\/2025\/03\/h-favicon-291x300.png 291w\" sizes=\"auto, (max-width: 743px) 100vw, 743px\" \/>\n\n\n\n<h6 class=\"gb-text gb-text-9c869042\">Uluslararas\u0131 \u00dcyelikler &amp; Tan\u0131n\u0131rl\u0131k<\/h6>\n<\/div>\n\n\n\n<h2 class=\"gb-text gb-text-b8aaa7cb\">Uluslararas\u0131 \u00dcyelikler &amp; Tan\u0131n\u0131rl\u0131k<\/h2>\n\n\n\n<p class=\"gb-text gb-text-fcf15b38\">HERDEM'in \u00f6zel uygulamalar\u0131, d\u00fcnyan\u0131n d\u00f6rt bir yan\u0131ndaki m\u00fcvekkillerine yard\u0131mc\u0131 olmak i\u00e7in g\u00fc\u00e7l\u00fc bir kapasiteye sahiptir ve hem ulusal hem de uluslararas\u0131 alanda g\u00fcc\u00fcm\u00fcz\u00fc s\u00fcrekli olarak s\u00fcrd\u00fcrmekteyiz.<br><br>Avukatlar\u0131m\u0131z, bilgi temelli global ekonomi i\u00e7inde m\u00fcvekkillerine yard\u0131mc\u0131 olmak amac\u0131yla uluslararas\u0131 hukuk camias\u0131na katk\u0131da bulunmak ve destek vermek \u00fczere Uluslararas\u0131 Barolar Birli\u011fi, Amerikan Barolar Birli\u011fi gibi uluslararas\u0131 hukuk kurulu\u015flar\u0131nda aktif rol almakta, d\u00fczenli olarak uluslararas\u0131 konferanslarda konu\u015fmalar ger\u00e7ekle\u015ftirmekte ve k\u00fcresel hukuk konular\u0131nda d\u00fczenlenen \u00e7e\u015fitli panel ve seminerlere kat\u0131lmaktad\u0131rlar. Ayr\u0131ca, farkl\u0131 h\u00fck\u00fcmetler taraf\u0131ndan desteklenen avukatl\u0131k kurulu\u015flar\u0131na yard\u0131mc\u0131 olmakta ve m\u00fcvekkillerimize hem sekt\u00f6rlerden hem de devletlerden \u00fcst d\u00fczey liderler ve profesyonellerle g\u00fc\u00e7l\u00fc ve de\u011ferli bir i\u015f ili\u015fkileri a\u011f\u0131 sunmakta ve yasal ve ticari alanlardaki ittifaklar\u0131m\u0131z\u0131 daha da geli\u015ftirmekteyiz.<\/p>\n<\/div>\n\n\n\n<img loading=\"lazy\" decoding=\"async\" width=\"560\" height=\"373\" class=\"gb-media-e567d6eb\" src=\"https:\/\/herdemlaw.com\/wp-content\/uploads\/2025\/03\/home5.webp\" title=\"home5\" srcset=\"https:\/\/herdemlaw.com\/wp-content\/uploads\/2025\/03\/home5.webp 560w, https:\/\/herdemlaw.com\/wp-content\/uploads\/2025\/03\/home5-300x200.webp 300w\" sizes=\"auto, (max-width: 560px) 100vw, 560px\" \/>\n<\/div>\n<\/div>","protected":false},"excerpt":{"rendered":"<p>We are a full-service law firm delivering tailored, high-quality legal solutions with a global perspective. CSR HERDEM Attorneys at Law &#8230; <a title=\"Home\" class=\"read-more\" href=\"https:\/\/herdemlaw.com\/tr-tr\/\" aria-label=\"Read more about Home\">Read more<\/a><\/p>","protected":false},"author":1,"featured_media":0,"parent":0,"menu_order":0,"comment_status":"closed","ping_status":"closed","template":"","meta":{"footnotes":""},"class_list":["post-15","page","type-page","status-publish"],"aioseo_notices":[],"_links":{"self":[{"href":"https:\/\/herdemlaw.com\/tr-tr\/wp-json\/wp\/v2\/pages\/15","targetHints":{"allow":["GET"]}}],"collection":[{"href":"https:\/\/herdemlaw.com\/tr-tr\/wp-json\/wp\/v2\/pages"}],"about":[{"href":"https:\/\/herdemlaw.com\/tr-tr\/wp-json\/wp\/v2\/types\/page"}],"author":[{"embeddable":true,"href":"https:\/\/herdemlaw.com\/tr-tr\/wp-json\/wp\/v2\/users\/1"}],"replies":[{"embeddable":true,"href":"https:\/\/herdemlaw.com\/tr-tr\/wp-json\/wp\/v2\/comments?post=15"}],"version-history":[{"count":93,"href":"https:\/\/herdemlaw.com\/tr-tr\/wp-json\/wp\/v2\/pages\/15\/revisions"}],"predecessor-version":[{"id":7931,"href":"https:\/\/herdemlaw.com\/tr-tr\/wp-json\/wp\/v2\/pages\/15\/revisions\/7931"}],"wp:attachment":[{"href":"https:\/\/herdemlaw.com\/tr-tr\/wp-json\/wp\/v2\/media?parent=15"}],"curies":[{"name":"wp","href":"https:\/\/api.w.org\/{rel}","templated":true}]}}