{"id":142,"date":"2025-03-20T18:50:06","date_gmt":"2025-03-20T18:50:06","guid":{"rendered":"https:\/\/herdemlaw.com\/?page_id=142"},"modified":"2026-03-26T09:05:50","modified_gmt":"2026-03-26T09:05:50","slug":"taniyin","status":"publish","type":"page","link":"https:\/\/herdemlaw.com\/tr-tr\/taniyin\/","title":{"rendered":"Hakk\u0131m\u0131zda"},"content":{"rendered":"<div class=\"gb-element-06063f1e\">\n<div class=\"gb-element-ba6b26d6\">\n<h3 class=\"gb-text\"><strong>Kurucu ve Y\u00f6netici Ortak&nbsp;<\/strong><\/h3>\n\n\n\n<p class=\"gb-text gb-text-36d2b15b\">\u015eafak Herdem, uluslararas\u0131 ticaret ve di\u011fer uluslararas\u0131 i\u015fletme konular\u0131na yo\u011funla\u015fan, \u00f6zellikle havac\u0131l\u0131k, savunma sanayii ve uluslararas\u0131 ticaret alanlar\u0131nda faaliyet g\u00f6steren \u0130stanbul\/T\u00fcrkiye merkezli bir hukuk firmas\u0131 olan Herdem Avukatl\u0131k Ortakl\u0131\u011f\u0131'n\u0131n kurucu ve y\u00f6netici orta\u011f\u0131d\u0131r.<\/p>\n\n\n\n<img loading=\"lazy\" decoding=\"async\" width=\"544\" height=\"853\" class=\"gb-media-0e03cf7e\" src=\"https:\/\/herdemlaw.com\/wp-content\/uploads\/2025\/04\/safak-bey-pic.png\" title=\"safak bey pic\" srcset=\"https:\/\/herdemlaw.com\/wp-content\/uploads\/2025\/04\/safak-bey-pic.png 544w, https:\/\/herdemlaw.com\/wp-content\/uploads\/2025\/04\/safak-bey-pic-191x300.png 191w, https:\/\/herdemlaw.com\/wp-content\/uploads\/2025\/04\/safak-bey-pic-8x12.png 8w\" sizes=\"auto, (max-width: 544px) 100vw, 544px\" \/>\n\n\n\n<p>Herdem'in en ilgin\u00e7 kariyeri Kanadal\u0131 bir maden \u015firketinde T\u00fcrkiye'de ba\u015flad\u0131. Bug\u00fcn, a\u011f\u0131rl\u0131kl\u0131 olarak uluslararas\u0131 ticaret ve devlet s\u00f6zle\u015fmeleri hukukunun her y\u00f6n\u00fcne odaklanmakta ve T\u00fcrkiye'deki \u00e7e\u015fitli projelerde Fortune 500 listesinde yer alan baz\u0131 b\u00fcy\u00fck \u015firketleri temsil etmektedir. Ayr\u0131ca end\u00fcstriyel i\u015fbirli\u011fi konusunda geni\u015f deneyime sahiptir ve kamu makamlar\u0131na y\u00f6netmeliklerle ilgili kanun yap\u0131m\u0131nda ilerleme kaydetmede yard\u0131mc\u0131 olur. Ba\u015far\u0131lar\u0131 aras\u0131nda T\u00fcrkiye'de savunma al\u0131mlar\u0131 konusunda ilk ve tek yasal kitab\u0131n yazarl\u0131\u011f\u0131 ve sayg\u0131n \u00fcniversitelerde ders vermek yer almaktad\u0131r. Son kitab\u0131, Uluslararas\u0131 Silah Ka\u00e7ak\u00e7\u0131l\u0131\u011f\u0131 D\u00fczenlemeleri (ITAR) ile ilgili ilk T\u00fcrk\u00e7e kaynakt\u0131r.<br>For over sixteen years, Mr. Herdem has edited and published over five hundred articles published on several worldwide publications including but not limited to Thomson Reuters and&nbsp;Bloomberg. Besides having thousands of readers around the world, Mr. Herdem has been counted as a country expert in aerospace defense procurement for three consecutive years by the legal publication of Thomson Reuters.<br><br>Sn. Herdem, son on y\u0131ld\u0131r yeni yat\u0131r\u0131mc\u0131lar\u0131 \u00e7ekmek, yeni ekonomik modelleri belirlemek, yeni bilgi ak\u0131\u015f\u0131n\u0131 yeni projelere d\u00f6n\u00fc\u015ft\u00fcrmek, sekt\u00f6rleri detayl\u0131 analiz etmek i\u00e7in \u00e7al\u0131\u015fmakta ve son olarak savunma ve sivil sanayide end\u00fcstriyel i\u015fbirli\u011fi\/offset programlar\u0131nda geni\u015f bir ileti\u015fim a\u011f\u0131 kurulmas\u0131na yard\u0131mc\u0131 olmu\u015ftur. Bug\u00fcn hem kamu hem de \u00f6zel sekt\u00f6r kurulu\u015flar\u0131 ile olan iyi ili\u015fkilerin bir sonucu olarak,  Herdem, b\u00fcy\u00fck kurulu\u015flara dan\u0131\u015fmanl\u0131k yapmakta ve yabanc\u0131 yat\u0131r\u0131mlar ile yerel T\u00fcrk sanayisi aras\u0131nda k\u00f6pr\u00fc kuran ve yeni ve \u00f6nemli ticari ittifaklar kurulmas\u0131na yard\u0131mc\u0131 olan bir iyi niyet el\u00e7isi olarak g\u00f6rev yapmaktad\u0131r. Bu t\u00fcr bir giri\u015fimde, end\u00fcstri ve h\u00fck\u00fcmet liderlerinin ba\u011flant\u0131 kurmalar\u0131, en iyi uygulamalar\u0131, politika g\u00fcncellemelerini, ba\u015far\u0131 hikayelerini ve kurulduklar\u0131 \u00fclkelere s\u00fcrd\u00fcr\u00fclebilir ekonomik ve sosyal faydalar sa\u011flayan end\u00fcstriyel i\u015fbirli\u011fi ve ortakl\u0131k programlar\u0131 olu\u015fturmak ve uygulamak i\u00e7in \u00f6\u011frenilen dersleri payla\u015fmalar\u0131 i\u00e7in bir forum sa\u011flayan ABD merkezli bir STK olan K\u00fcresel Ofset ve End\u00fcstriyel \u0130\u015fbirli\u011fi Derne\u011fi'ni tan\u0131tt\u0131.  son y\u0131llarda American Turkish Council'da Sn. Herdem'in moderat\u00f6rl\u00fc\u011f\u00fcnde bir panel ile American Turkish Business Society'ye.<br><br>\u00c7e\u015fitli havac\u0131l\u0131k ve savunma sanayii firmalar\u0131n\u0131nn yan\u0131 s\u0131ra h\u00fck\u00fcmet\/devlet yetkililerine ve devletin \u00e7e\u015fitli kurumlar\u0131na sanayi i\u015f birli\u011fi programlar\u0131 konusunda ihracat kontrol e\u011fitimi vermi\u015ftir. Chambers Europe Guide 2025'te T\u00fcrkiye'de Havac\u0131l\u0131k Hukuku (Havac\u0131l\u0131k ve Savunma) alan\u0131nda \u00d6nde Gelen Avukatlar aras\u0131nda yer almaktad\u0131r. Ayn\u0131 zamanda Kuzey Atlantik Savunma \u0130novasyon H\u0131zland\u0131r\u0131c\u0131s\u0131'nda (DIANA) Mentor\/Uzman olarak g\u00f6rev yapmaktad\u0131r.<br><br>Herdem ayn\u0131 zamanda bir dizi uluslararas\u0131 kurulu\u015fta da aktif olarak g\u00f6rev yapmaktad\u0131r ve Avrupa Ticaret + Yat\u0131r\u0131m Kontrolleri ve Uyum Avukatlar\u0131 Birli\u011fi'nin \u00fclke \u00fcyesi, Uluslararas\u0131 Barolar Birli\u011fi'nin G\u00fc\u00e7 Hukuku Komitesi'nin memuru, Amerikan Barolar Birli\u011fi'nin \u00fcyesi, \u0130svi\u00e7re-\u00c7in Hukuk Derne\u011fi \u00fcyesi, Mackrell International'\u0131n Havac\u0131l\u0131k ve Uzay Hukuku Komitesi ba\u015fkan\u0131 ve Uluslararas\u0131 Uyum Profesyonelleri Derne\u011fi \u00fcyesi olarak g\u00f6rev yapmaktad\u0131r. Ayr\u0131ca T\u00fcrkiye Etik ve \u0130tibar Derne\u011fi (TE\u0130D), T\u00fcrkiye Kurumsal Y\u00f6netim Derne\u011fi (TKYD), T\u00fcrkiye Kalite Derne\u011fi (KALDER) \u00fcyesidir.<br><br>\u015eirketlere dan\u0131\u015fmanl\u0131k yapman\u0131n yan\u0131 s\u0131ra, Bay Herdem ayn\u0131 zamanda Amerikan Uluslararas\u0131 Ticari Tahkim Mahkemesi'nin genel orta\u011f\u0131 ve hakemi olarak g\u00f6rev yapm\u0131\u015f ve farkl\u0131 yarg\u0131 alanlar\u0131nda karma\u015f\u0131k tahkim konular\u0131nda bir\u00e7ok m\u00fcvekkili temsil etmi\u015ftir. 2019-2023 y\u0131llar\u0131nda Lahey'deki Leiden \u00dcniversitesi taraf\u0131ndan tart\u0131\u015fmal\u0131 bir mahkemede bir anla\u015fmazl\u0131k i\u00e7in yarg\u0131\u00e7 olarak g\u00f6rev yapmak \u00fczere davet edildi.<\/p>\n\n\n\n<div class=\"wp-block-group is-nowrap is-layout-flex wp-container-core-group-is-layout-ad2f72ca wp-block-group-is-layout-flex\">\n<div class=\"gb-element-25679168\">\n<img loading=\"lazy\" decoding=\"async\" width=\"150\" height=\"150\" class=\"gb-media-bdd1b3ef\" src=\"https:\/\/herdemlaw.com\/wp-content\/uploads\/2025\/04\/correct-150x150.png\" title=\"correct\" srcset=\"https:\/\/herdemlaw.com\/wp-content\/uploads\/2025\/04\/correct-150x150.png 150w, https:\/\/herdemlaw.com\/wp-content\/uploads\/2025\/04\/correct-12x12.png 12w\" sizes=\"auto, (max-width: 150px) 100vw, 150px\" \/>\n\n\n\n<img loading=\"lazy\" decoding=\"async\" width=\"300\" height=\"77\" class=\"gb-media-00b23865\" alt=\"\" src=\"https:\/\/herdemlaw.com\/wp-content\/uploads\/2025\/11\/20241202144832-300x77.png\" title=\"20241202144832\" srcset=\"https:\/\/herdemlaw.com\/wp-content\/uploads\/2025\/11\/20241202144832-300x77.png 300w, https:\/\/herdemlaw.com\/wp-content\/uploads\/2025\/11\/20241202144832-18x5.png 18w, https:\/\/herdemlaw.com\/wp-content\/uploads\/2025\/11\/20241202144832.png 350w\" sizes=\"auto, (max-width: 300px) 100vw, 300px\" \/>\n\n\n\n<div class=\"wp-block-group is-nowrap is-layout-flex wp-container-core-group-is-layout-ad2f72ca wp-block-group-is-layout-flex\">\n<figure class=\"wp-block-image size-large is-resized\"><img loading=\"lazy\" decoding=\"async\" width=\"1024\" height=\"416\" src=\"https:\/\/herdemlaw.com\/wp-content\/uploads\/2025\/11\/DIANA-Visual-Identity-Wordmark-RGB-blue-1024x416.png\" alt=\"\" class=\"wp-image-8117\" style=\"width:255px;height:auto\" srcset=\"https:\/\/herdemlaw.com\/wp-content\/uploads\/2025\/11\/DIANA-Visual-Identity-Wordmark-RGB-blue-1024x416.png 1024w, https:\/\/herdemlaw.com\/wp-content\/uploads\/2025\/11\/DIANA-Visual-Identity-Wordmark-RGB-blue-300x122.png 300w, https:\/\/herdemlaw.com\/wp-content\/uploads\/2025\/11\/DIANA-Visual-Identity-Wordmark-RGB-blue-768x312.png 768w, https:\/\/herdemlaw.com\/wp-content\/uploads\/2025\/11\/DIANA-Visual-Identity-Wordmark-RGB-blue-1536x624.png 1536w, https:\/\/herdemlaw.com\/wp-content\/uploads\/2025\/11\/DIANA-Visual-Identity-Wordmark-RGB-blue-2048x833.png 2048w, https:\/\/herdemlaw.com\/wp-content\/uploads\/2025\/11\/DIANA-Visual-Identity-Wordmark-RGB-blue-18x7.png 18w\" sizes=\"auto, (max-width: 1024px) 100vw, 1024px\" \/><\/figure>\n\n\n\n<figure class=\"wp-block-image size-large is-resized\"><img loading=\"lazy\" decoding=\"async\" width=\"1024\" height=\"512\" src=\"https:\/\/herdemlaw.com\/wp-content\/uploads\/2025\/11\/NATO_OTAN_landscape_logo.svg_-2-1024x512.png\" alt=\"\" class=\"wp-image-8118\" style=\"width:228px;height:auto\" srcset=\"https:\/\/herdemlaw.com\/wp-content\/uploads\/2025\/11\/NATO_OTAN_landscape_logo.svg_-2-1024x512.png 1024w, https:\/\/herdemlaw.com\/wp-content\/uploads\/2025\/11\/NATO_OTAN_landscape_logo.svg_-2-300x150.png 300w, https:\/\/herdemlaw.com\/wp-content\/uploads\/2025\/11\/NATO_OTAN_landscape_logo.svg_-2-768x384.png 768w, https:\/\/herdemlaw.com\/wp-content\/uploads\/2025\/11\/NATO_OTAN_landscape_logo.svg_-2-1536x769.png 1536w, https:\/\/herdemlaw.com\/wp-content\/uploads\/2025\/11\/NATO_OTAN_landscape_logo.svg_-2-2048x1025.png 2048w, https:\/\/herdemlaw.com\/wp-content\/uploads\/2025\/11\/NATO_OTAN_landscape_logo.svg_-2-18x9.png 18w\" sizes=\"auto, (max-width: 1024px) 100vw, 1024px\" \/><\/figure>\n<\/div>\n<\/div>\n\n\n\n<div><\/div>\n<\/div>\n\n\n\n<div style=\"height:64px\" aria-hidden=\"true\" class=\"wp-block-spacer\"><\/div>\n\n\n\n<h3 class=\"gb-text\"><strong><strong>HERDEM Hakk\u0131nda<\/strong><\/strong><\/h3>\n\n\n\n<p class=\"gb-text gb-text-6bd22303\">HERDEM, 2011 y\u0131l\u0131nda kurulmu\u015f \u0130stanbul merkezli bir hukuk b\u00fcrosudur; Yerel ve uluslararas\u0131 kurumsal m\u00fcvekkillerine en y\u00fcksek kalitede hukuki hizmetler sunmaktad\u0131r. M\u00fcvekkillerimize i\u015f hedeflerine katk\u0131da bulunmak amac\u0131yla ki\u015fiye \u00f6zel hukuki hizmetler sunuyoruz. Hedeflenen end\u00fcstri bilgisinden yararlanarak, m\u00fcvekkillerimizin karma\u015f\u0131k hukuki meselelerinde kendi kendilerine gezinmelerine yard\u0131mc\u0131 oluyoruz. M\u00fc\u015fteri portf\u00f6y\u00fcm\u00fcz, bunlarla s\u0131n\u0131rl\u0131 olmamak \u00fczere, savunma ve havac\u0131l\u0131k, ya\u015fam bilimleri \/ ila\u00e7, turizm ve seyahat ve havac\u0131l\u0131k end\u00fcstrilerindeki kurulu\u015flar\u0131 i\u00e7erir.<br><br>Bizimle \u00e7al\u0131\u015fmak, t\u00fcm karma\u015f\u0131k hukuki sorunlar\u0131n\u0131za \"Birlikte Yan\u0131t Verecek\" bir orta\u011fa sahip olaca\u011f\u0131n\u0131z anlam\u0131na gelir. Ekibimiz, gerekti\u011finde m\u00fcvekkillerin haklar\u0131n\u0131 savunan \u00f6zel avukatlar ve dan\u0131\u015fmanlardan olu\u015fur: bir s\u00f6zle\u015fme m\u00fczakere toplant\u0131s\u0131ndan mahkeme salonuna kadar, her zaman ger\u00e7ek bir orta\u011f\u0131n yapaca\u011f\u0131 gibi m\u00fcvekkillerin ihtiya\u00e7lar\u0131na \u00f6ncelik verir.<br><br>K\u00fclt\u00fcr\u00fcm\u00fcz bizi her zaman m\u00fc\u015fterilerimiz i\u00e7in masaya yenilik\u00e7i yakla\u015f\u0131mlar getirmeye te\u015fvik eder. HERDEM, s\u00f6zle\u015fmeleri d\u00fczenler, i\u015f yap\u0131s\u0131 olu\u015fturur ve belirli end\u00fcstri gereksinimlerine, m\u00fc\u015fterilerin hedeflerine ve yasal gerekliliklere dayal\u0131 olarak m\u00fc\u015fteriler i\u00e7in yasal belgeler tasarlar. Biz buna \"Hukuk M\u00fchendisli\u011fi\" diyoruz. \u00c7ok disiplinli ge\u00e7mi\u015fe sahip \u00e7ok dilli Hukuk M\u00fchendislerimiz, m\u00fcvekkillerimiz i\u00e7in ileri hukuk m\u00fchendisli\u011fi becerilerini uygulamaya haz\u0131rd\u0131r.<\/p>\n\n\n\n<div style=\"height:31px\" aria-hidden=\"true\" class=\"wp-block-spacer\"><\/div>\n\n\n\n<h3 class=\"gb-text\"><strong><strong>Uluslararas\u0131 \u00dcyelikler &amp; Tan\u0131n\u0131rl\u0131k&nbsp;<\/strong><\/strong><\/h3>\n\n\n\n<p class=\"gb-text gb-text-2b071927\">HERDEM'in \u00f6zel uygulamalar\u0131, d\u00fcnyan\u0131n d\u00f6rt bir yan\u0131ndaki m\u00fcvekkillerine yard\u0131mc\u0131 olmak i\u00e7in g\u00fc\u00e7l\u00fc bir kapasiteye sahiptir ve hem ulusal hem de uluslararas\u0131 alanda g\u00fcc\u00fcm\u00fcz\u00fc s\u00fcrekli olarak s\u00fcrd\u00fcrmekteyiz.<br><br>Avukatlar\u0131m\u0131z, bilgi temelli global ekonomi i\u00e7inde m\u00fcvekkillerine yard\u0131mc\u0131 olmak amac\u0131yla uluslararas\u0131 hukuk camias\u0131na katk\u0131da bulunmak ve destek vermek \u00fczere Uluslararas\u0131 Barolar Birli\u011fi, Amerikan Barolar Birli\u011fi gibi uluslararas\u0131 hukuk kurulu\u015flar\u0131nda aktif rol almakta, d\u00fczenli olarak uluslararas\u0131 konferanslarda konu\u015fmalar ger\u00e7ekle\u015ftirmekte ve k\u00fcresel hukuk konular\u0131nda d\u00fczenlenen \u00e7e\u015fitli panel ve seminerlere kat\u0131lmaktad\u0131rlar. Ayr\u0131ca, farkl\u0131 h\u00fck\u00fcmetler taraf\u0131ndan desteklenen avukatl\u0131k kurulu\u015flar\u0131na yard\u0131mc\u0131 olmakta ve m\u00fcvekkillerimize hem sekt\u00f6rlerden hem de devletlerden \u00fcst d\u00fczey liderler ve profesyonellerle g\u00fc\u00e7l\u00fc ve de\u011ferli bir i\u015f ili\u015fkileri a\u011f\u0131 sunmakta ve yasal ve ticari alanlardaki ittifaklar\u0131m\u0131z\u0131 daha da geli\u015ftirmekteyiz.<\/p>\n\n\n\n<figure class=\"wp-block-image size-full\"><img loading=\"lazy\" decoding=\"async\" width=\"404\" height=\"125\" src=\"https:\/\/herdemlaw.com\/wp-content\/uploads\/2026\/03\/images-1.png\" alt=\"\" class=\"wp-image-8283\" srcset=\"https:\/\/herdemlaw.com\/wp-content\/uploads\/2026\/03\/images-1.png 404w, https:\/\/herdemlaw.com\/wp-content\/uploads\/2026\/03\/images-1-300x93.png 300w, https:\/\/herdemlaw.com\/wp-content\/uploads\/2026\/03\/images-1-18x6.png 18w\" sizes=\"auto, (max-width: 404px) 100vw, 404px\" \/><\/figure>\n<\/div>\n\n\n\n<div class=\"gb-element-8abe883e\">\n<h2 class=\"gb-text gb-text-84e7947b\">De\u011ferlerimiz<\/h2>\n\n\n\n<div class=\"gb-element-b1e590cc\">\n<div class=\"gb-element-cd6d0f83\">\n<div class=\"gb-element-3b3578a0 bounceAnimation\">\n<img loading=\"lazy\" decoding=\"async\" width=\"102\" height=\"102\" class=\"gb-media-262ac2da\" src=\"https:\/\/herdemlaw.com\/wp-content\/uploads\/2025\/03\/about1.png\" title=\"yakla\u015f\u0131k1\"\/>\n<\/div>\n\n\n\n<h3 class=\"gb-text gb-text-cfdce35c\">Verimlilik<\/h3>\n\n\n\n<p class=\"gb-text gb-text-f0a48f28\">m\u00fcvekkillerimizle birlikte \u00e7al\u0131\u015farak hedeflerini ve \u00f6nceliklerini belirlemek ve onlar i\u00e7in etkili bir strateji uygulamakt\u0131r.<\/p>\n<\/div>\n\n\n\n<div class=\"gb-element-d1848ac8\">\n<div class=\"gb-element-18221702 bounceAnimation\">\n<img loading=\"lazy\" decoding=\"async\" width=\"1000\" height=\"586\" class=\"gb-media-cbc36cae\" src=\"https:\/\/herdemlaw.com\/wp-content\/uploads\/2025\/03\/about2.png\" title=\"yakla\u015f\u0131k2\" srcset=\"https:\/\/herdemlaw.com\/wp-content\/uploads\/2025\/03\/about2.png 1000w, https:\/\/herdemlaw.com\/wp-content\/uploads\/2025\/03\/about2-300x176.png 300w, https:\/\/herdemlaw.com\/wp-content\/uploads\/2025\/03\/about2-768x450.png 768w\" sizes=\"auto, (max-width: 1000px) 100vw, 1000px\" \/>\n<\/div>\n\n\n\n<h3 class=\"gb-text gb-text-318dfc22\">Sosyallik<\/h3>\n\n\n\n<p class=\"gb-text gb-text-e688d62f\">Kamusal ya\u015famdaki herhangi bir konuda a\u00e7\u0131k tart\u0131\u015fmalara kat\u0131lmak ve \u00f6nc\u00fcl\u00fck etmek i\u00e7in farkl\u0131 k\u00fclt\u00fcrler ve topluluklarla etkile\u015fim kurmakt\u0131r<\/p>\n<\/div>\n\n\n\n<div class=\"gb-element-41600961\">\n<div class=\"gb-element-9ce49fe8 bounceAnimation\">\n<img loading=\"lazy\" decoding=\"async\" width=\"440\" height=\"486\" class=\"gb-media-a0aa81e9\" src=\"https:\/\/herdemlaw.com\/wp-content\/uploads\/2025\/03\/about3.png\" title=\"yakla\u015f\u0131k3\" srcset=\"https:\/\/herdemlaw.com\/wp-content\/uploads\/2025\/03\/about3.png 440w, https:\/\/herdemlaw.com\/wp-content\/uploads\/2025\/03\/about3-272x300.png 272w\" sizes=\"auto, (max-width: 440px) 100vw, 440px\" \/>\n<\/div>\n\n\n\n<h3 class=\"gb-text gb-text-86bf51ac\">Profesyonellik<\/h3>\n\n\n\n<p class=\"gb-text gb-text-05a5776d\">temsil etti\u011fimiz de\u011ferlerin yeterlili\u011fidir.<\/p>\n<\/div>\n\n\n\n<div class=\"gb-element-21fc603a\">\n<div class=\"gb-element-091b05c8 bounceAnimation\">\n<img loading=\"lazy\" decoding=\"async\" width=\"470\" height=\"496\" class=\"gb-media-7c7996a6\" src=\"https:\/\/herdemlaw.com\/wp-content\/uploads\/2025\/03\/about4.png\" title=\"yakla\u015f\u0131k4\" srcset=\"https:\/\/herdemlaw.com\/wp-content\/uploads\/2025\/03\/about4.png 470w, https:\/\/herdemlaw.com\/wp-content\/uploads\/2025\/03\/about4-284x300.png 284w\" sizes=\"auto, (max-width: 470px) 100vw, 470px\" \/>\n<\/div>\n\n\n\n<h3 class=\"gb-text gb-text-c983ccd7\">\u00d6zveri<\/h3>\n\n\n\n<p class=\"gb-text gb-text-b39862e4\">genel motivasyonumuzdur.<\/p>\n<\/div>\n\n\n\n<div class=\"gb-element-0248abc1\">\n<div class=\"gb-element-b1e8717d bounceAnimation\">\n<img loading=\"lazy\" decoding=\"async\" width=\"512\" height=\"512\" class=\"gb-media-9f49774a\" src=\"https:\/\/herdemlaw.com\/wp-content\/uploads\/2025\/03\/about5.png\" title=\"yakla\u015f\u0131k5\" srcset=\"https:\/\/herdemlaw.com\/wp-content\/uploads\/2025\/03\/about5.png 512w, https:\/\/herdemlaw.com\/wp-content\/uploads\/2025\/03\/about5-300x300.png 300w, https:\/\/herdemlaw.com\/wp-content\/uploads\/2025\/03\/about5-150x150.png 150w\" sizes=\"auto, (max-width: 512px) 100vw, 512px\" \/>\n<\/div>\n\n\n\n<h3 class=\"gb-text gb-text-3d366fcc\">Ayr\u0131mc\u0131l\u0131k Yasa\u011f\u0131<\/h3>\n\n\n\n<p class=\"gb-text gb-text-2a9c16c4\">t\u00fcm HERDEM avukatlar\u0131na ve \u00e7al\u0131\u015fanlar\u0131na ayn\u0131 olanaklar\u0131 sa\u011flamakt\u0131r.<\/p>\n<\/div>\n\n\n\n<div class=\"gb-element-368e6b9b\">\n<div class=\"gb-element-739b0496 bounceAnimation\">\n<img loading=\"lazy\" decoding=\"async\" width=\"512\" height=\"512\" class=\"gb-media-15275fda\" src=\"https:\/\/herdemlaw.com\/wp-content\/uploads\/2025\/03\/about6.png\" title=\"yakla\u015f\u0131k6\" srcset=\"https:\/\/herdemlaw.com\/wp-content\/uploads\/2025\/03\/about6.png 512w, https:\/\/herdemlaw.com\/wp-content\/uploads\/2025\/03\/about6-300x300.png 300w, https:\/\/herdemlaw.com\/wp-content\/uploads\/2025\/03\/about6-150x150.png 150w\" sizes=\"auto, (max-width: 512px) 100vw, 512px\" \/>\n<\/div>\n\n\n\n<h3 class=\"gb-text gb-text-956fb8cc\">S\u00fcreklilik<\/h3>\n\n\n\n<p class=\"gb-text gb-text-62660cc3\">hukuki hizmetlerin yerine getirilmesinde i\u015f yapma metodolojimizdir.<br><a href=\"https:\/\/herdem.av.tr\/herdem360\" rel=\"noopener\"><\/a><\/p>\n<\/div>\n<\/div>\n<\/div>\n<\/div>","protected":false},"excerpt":{"rendered":"<p>Founder &amp; Managing Partner&nbsp; Mr. Safak Herdem is the founder and managing partner of the HERDEM&nbsp;Attorneys at Law, Istanbul, T\u00fcrkiye-based &#8230; <a title=\"Hakk\u0131m\u0131zda\" class=\"read-more\" href=\"https:\/\/herdemlaw.com\/tr-tr\/taniyin\/\" aria-label=\"Read more about About us\">Read more<\/a><\/p>","protected":false},"author":1,"featured_media":0,"parent":0,"menu_order":0,"comment_status":"closed","ping_status":"closed","template":"","meta":{"footnotes":""},"class_list":["post-142","page","type-page","status-publish"],"aioseo_notices":[],"_links":{"self":[{"href":"https:\/\/herdemlaw.com\/tr-tr\/wp-json\/wp\/v2\/pages\/142","targetHints":{"allow":["GET"]}}],"collection":[{"href":"https:\/\/herdemlaw.com\/tr-tr\/wp-json\/wp\/v2\/pages"}],"about":[{"href":"https:\/\/herdemlaw.com\/tr-tr\/wp-json\/wp\/v2\/types\/page"}],"author":[{"embeddable":true,"href":"https:\/\/herdemlaw.com\/tr-tr\/wp-json\/wp\/v2\/users\/1"}],"replies":[{"embeddable":true,"href":"https:\/\/herdemlaw.com\/tr-tr\/wp-json\/wp\/v2\/comments?post=142"}],"version-history":[{"count":58,"href":"https:\/\/herdemlaw.com\/tr-tr\/wp-json\/wp\/v2\/pages\/142\/revisions"}],"predecessor-version":[{"id":8292,"href":"https:\/\/herdemlaw.com\/tr-tr\/wp-json\/wp\/v2\/pages\/142\/revisions\/8292"}],"wp:attachment":[{"href":"https:\/\/herdemlaw.com\/tr-tr\/wp-json\/wp\/v2\/media?parent=142"}],"curies":[{"name":"wp","href":"https:\/\/api.w.org\/{rel}","templated":true}]}}