{"id":14,"date":"2025-03-13T19:32:08","date_gmt":"2025-03-13T19:32:08","guid":{"rendered":"https:\/\/herdemlaw.com\/contact\/"},"modified":"2025-04-01T04:01:22","modified_gmt":"2025-04-01T04:01:22","slug":"contact-us","status":"publish","type":"page","link":"https:\/\/herdemlaw.com\/tr-tr\/contact-us\/","title":{"rendered":"Bize Ula\u015f\u0131n"},"content":{"rendered":"<div class=\"gb-element-b2122085\">\n<div class=\"gb-element-0b4e865d\">\n<h2 class=\"gb-text gb-text-69998112\">Get In Touch<\/h2>\n\n\n\n<p class=\"gb-text gb-text-1820679a\">Any questions or remarks? Just write us a message!<\/p>\n\n\n<div class=\"forminator-ui forminator-custom-form forminator-custom-form-631 forminator-design--material  forminator_ajax\" data-forminator-render=\"0\" data-form=\"forminator-module-631\" data-uid=\"69f2cde9b72c2\"><br\/><\/div><form\n\t\t\t\tid=\"forminator-module-631\"\n\t\t\t\tclass=\"forminator-ui forminator-custom-form forminator-custom-form-631 forminator-design--material  forminator_ajax\"\n\t\t\t\tmethod=\"post\"\n\t\t\t\tdata-forminator-render=\"0\"\n\t\t\t\tdata-form-id=\"631\"\n\t\t\t\t data-color-option=\"theme\" data-design=\"material\" data-grid=\"open\" style=\"display: none;\"\n\t\t\t\tdata-uid=\"69f2cde9b72c2\" action=\"\"\n\t\t\t><div role=\"alert\" aria-live=\"polite\" class=\"forminator-response-message forminator-error\" aria-hidden=\"true\"><\/div><div class=\"forminator-row\"><div id=\"name-1\" class=\"forminator-field-name forminator-col forminator-col-6\"><div class=\"forminator-field\"><label for=\"forminator-field-name-1_69f2cde9b72c2\" id=\"forminator-field-name-1_69f2cde9b72c2-label\" class=\"forminator-label\">First Name <span class=\"forminator-required\">*<\/span><\/label><input type=\"text\" name=\"name-1\" value=\"\" placeholder=\"E.g. John\" id=\"forminator-field-name-1_69f2cde9b72c2\" class=\"forminator-input forminator-name--field\" aria-required=\"true\" autocomplete=\"name\" \/><\/div><\/div><div id=\"name-2\" class=\"forminator-field-name forminator-col forminator-col-6\"><div class=\"forminator-field\"><label for=\"forminator-field-name-2_69f2cde9b72c2\" id=\"forminator-field-name-2_69f2cde9b72c2-label\" class=\"forminator-label\">Last Name<\/label><input type=\"text\" name=\"name-2\" value=\"\" placeholder=\"E.g. Doe\" id=\"forminator-field-name-2_69f2cde9b72c2\" class=\"forminator-input forminator-name--field\" aria-required=\"false\" autocomplete=\"name\" \/><\/div><\/div><\/div><div class=\"forminator-row\"><div id=\"email-1\" class=\"forminator-field-email forminator-col forminator-col-6\"><div class=\"forminator-field\"><label for=\"forminator-field-email-1_69f2cde9b72c2\" id=\"forminator-field-email-1_69f2cde9b72c2-label\" class=\"forminator-label\">Email Address <span class=\"forminator-required\">*<\/span><\/label><input type=\"email\" name=\"email-1\" value=\"\" placeholder=\"E.g. john@gmail.com\" id=\"forminator-field-email-1_69f2cde9b72c2\" class=\"forminator-input forminator-email--field\" data-required=\"1\" aria-required=\"true\" autocomplete=\"email\" \/><\/div><\/div><div id=\"phone-1\" class=\"forminator-field-phone forminator-col forminator-col-6\"><div class=\"forminator-field\"><label for=\"forminator-field-phone-1_69f2cde9b72c2\" id=\"forminator-field-phone-1_69f2cde9b72c2-label\" class=\"forminator-label\">Phone Number <span class=\"forminator-required\">*<\/span><\/label><input type=\"text\" name=\"phone-1\" value=\"\" placeholder=\"E.g. +90 222 333 4444\" id=\"forminator-field-phone-1_69f2cde9b72c2\" class=\"forminator-input forminator-field--phone\" data-required=\"1\" aria-required=\"true\" autocomplete=\"off\" data-national_mode=\"disabled\" data-country=\"tr\" data-validation=\"international\" \/><\/div><\/div><\/div><div class=\"forminator-row\"><div id=\"text-1\" class=\"forminator-field-text forminator-col forminator-col-12\"><div class=\"forminator-field\"><label for=\"forminator-field-text-1_69f2cde9b72c2\" id=\"forminator-field-text-1_69f2cde9b72c2-label\" class=\"forminator-label\">Subject<\/label><span id=\"forminator-field-text-1_69f2cde9b72c2-description\" class=\"forminator-description\"><span data-limit=\"100\" data-type=\"characters\">0 \/ 100<\/span><\/span><input type=\"text\" name=\"text-1\" value=\"\" placeholder=\"For any query\" id=\"forminator-field-text-1_69f2cde9b72c2\" class=\"forminator-input forminator-name--field\" data-required=\"\" maxlength=\"100\" \/><\/div><\/div><\/div><div class=\"forminator-row\"><div id=\"textarea-1\" class=\"forminator-field-textarea forminator-col forminator-col-12\"><div class=\"forminator-field\"><label for=\"forminator-field-textarea-1_69f2cde9b72c2\" id=\"forminator-field-textarea-1_69f2cde9b72c2-label\" class=\"forminator-label\">Message <span class=\"forminator-required\">*<\/span><\/label><span id=\"forminator-field-textarea-1_69f2cde9b72c2-description\" class=\"forminator-description\"><span data-limit=\"500\" data-type=\"characters\" data-editor=\"\">0 \/ 500<\/span><\/span><textarea name=\"textarea-1\" placeholder=\"Enter your message...\" id=\"forminator-field-textarea-1_69f2cde9b72c2\" class=\"forminator-textarea\" rows=\"6\" style=\"min-height:150px;\" maxlength=\"500\" ><\/textarea><\/div><\/div><\/div><input type=\"hidden\" name=\"referer_url\" value=\"\" \/><div class=\"forminator-row forminator-row-last\"><div class=\"forminator-col\"><div class=\"forminator-field\"><button class=\"forminator-button forminator-button-submit\"><span>Send Message<\/span><span aria-hidden=\"true\"><\/span><\/button><\/div><\/div><\/div><input type=\"hidden\" id=\"forminator_nonce\" name=\"forminator_nonce\" value=\"1165eeba8c\" \/><input type=\"hidden\" name=\"_wp_http_referer\" value=\"\/tr-tr\/wp-json\/wp\/v2\/pages\/14\" \/><input type=\"hidden\" name=\"form_id\" value=\"631\"><input type=\"hidden\" name=\"page_id\" value=\"14\"><input type=\"hidden\" name=\"form_type\" value=\"default\"><input type=\"hidden\" name=\"current_url\" value=\"https:\/\/herdemlaw.com\/tr-tr\/contact-us\/\"><input type=\"hidden\" name=\"render_id\" value=\"0\"><input type=\"hidden\" name=\"action\" value=\"forminator_submit_form_custom-forms\"><input type=\"hidden\" name=\"trp-form-language\" value=\"tr-tr\"\/><\/form>\n<\/div>\n\n\n\n<div class=\"gb-element-b1e590cc\">\n<div class=\"gb-element-d1848ac8\">\n<div class=\"gb-element-18221702 bounceAnimation\">\n<img loading=\"lazy\" decoding=\"async\" width=\"64\" height=\"64\" class=\"gb-media-cbc36cae\" src=\"https:\/\/herdemlaw.com\/wp-content\/uploads\/2025\/03\/location.png\" title=\"location\"\/>\n<\/div>\n\n\n\n<h3 class=\"gb-text gb-text-318dfc22\">&nbsp;Ana Ofis<\/h3>\n\n\n\n<p class=\"gb-text gb-text-e688d62f\">Ku\u015ftepe Mahallesi, Mecidiyek\u00f6y Yolu Caddesi, Trump Towers, Ofis Kule:2 Kat:18, No:12, \u015ei\u015fli Mecidiyek\u00f6y, \u0130stanbul, T\u00fcrkiye<\/p>\n<\/div>\n\n\n\n<a class=\"gb-element-b0a1f808 lightBtn\" href=\"tel:+902123063152\">\n<div class=\"gb-element-7ab47ccd bounceAnimation\">\n<img loading=\"lazy\" decoding=\"async\" width=\"64\" height=\"64\" class=\"gb-media-d2eeaeb1\" src=\"https:\/\/herdemlaw.com\/wp-content\/uploads\/2025\/03\/call.png\" title=\"call\"\/>\n<\/div>\n\n\n\n<h3 class=\"gb-text gb-text-b5368483\">Bizi aray\u0131n<\/h3>\n\n\n\n<p class=\"gb-text gb-text-30e8f464\">+90 212 306 3152<\/p>\n<\/a>\n\n\n\n<a class=\"gb-element-1716a7bb lightBtn\" href=\"mailto:info@herdem.av.tr\">\n<div class=\"gb-element-f3671a83 bounceAnimation\">\n<img loading=\"lazy\" decoding=\"async\" width=\"64\" height=\"64\" class=\"gb-media-b0355c4a\" src=\"https:\/\/herdemlaw.com\/wp-content\/uploads\/2025\/03\/email.png\" title=\"email\"\/>\n<\/div>\n\n\n\n<h3 class=\"gb-text gb-text-a7f2f130\">E-posta Yoluyla \u0130leti\u015fime Ge\u00e7in<\/h3>\n\n\n\n<p class=\"gb-text gb-text-f2b6e700\">info@herdem.av.tr<\/p>\n<\/a>\n<\/div>\n<\/div>\n\n\n\n<div class=\"gb-element-27c77997\">\n<iframe src=\"https:\/\/www.google.com\/maps\/embed?pb=!1m14!1m8!1m3!1d11578.226178448536!2d28.9830312!3d41.065815!3m2!1i1024!2i768!4f13.1!3m3!1m2!1s0x14cab64d7306423d%3A0x2759cc7c93595710!2sHERDEM%20Attorneys%20at%20Law!5e1!3m2!1str!2s!4v1742698373321!5m2!1str!2s\" width=\"100%\" height=\"450\" style=\"border:0;\" allowfullscreen=\"\" loading=\"lazy\" referrerpolicy=\"no-referrer-when-downgrade\"><\/iframe>\n<\/div>","protected":false},"excerpt":{"rendered":"<p>Get In Touch Any questions or remarks? Just write us a message! &nbsp;Head Office Kustepe Mahallesi, Mecidiyekoy Yolu Caddesi, Trump &#8230; <a title=\"Bize Ula\u015f\u0131n\" class=\"read-more\" href=\"https:\/\/herdemlaw.com\/tr-tr\/contact-us\/\" aria-label=\"Read more about Contact us\">Read more<\/a><\/p>","protected":false},"author":1,"featured_media":0,"parent":0,"menu_order":0,"comment_status":"closed","ping_status":"closed","template":"","meta":{"footnotes":""},"class_list":["post-14","page","type-page","status-publish"],"aioseo_notices":[],"_links":{"self":[{"href":"https:\/\/herdemlaw.com\/tr-tr\/wp-json\/wp\/v2\/pages\/14","targetHints":{"allow":["GET"]}}],"collection":[{"href":"https:\/\/herdemlaw.com\/tr-tr\/wp-json\/wp\/v2\/pages"}],"about":[{"href":"https:\/\/herdemlaw.com\/tr-tr\/wp-json\/wp\/v2\/types\/page"}],"author":[{"embeddable":true,"href":"https:\/\/herdemlaw.com\/tr-tr\/wp-json\/wp\/v2\/users\/1"}],"replies":[{"embeddable":true,"href":"https:\/\/herdemlaw.com\/tr-tr\/wp-json\/wp\/v2\/comments?post=14"}],"version-history":[{"count":33,"href":"https:\/\/herdemlaw.com\/tr-tr\/wp-json\/wp\/v2\/pages\/14\/revisions"}],"predecessor-version":[{"id":4468,"href":"https:\/\/herdemlaw.com\/tr-tr\/wp-json\/wp\/v2\/pages\/14\/revisions\/4468"}],"wp:attachment":[{"href":"https:\/\/herdemlaw.com\/tr-tr\/wp-json\/wp\/v2\/media?parent=14"}],"curies":[{"name":"wp","href":"https:\/\/api.w.org\/{rel}","templated":true}]}}