{"id":234,"date":"2025-03-21T01:58:01","date_gmt":"2025-03-21T01:58:01","guid":{"rendered":"https:\/\/herdemlaw.com\/?page_id=234"},"modified":"2026-02-07T18:57:00","modified_gmt":"2026-02-07T18:57:00","slug":"social-responsibility","status":"publish","type":"page","link":"https:\/\/herdemlaw.com\/en-us\/social-responsibility\/","title":{"rendered":"Corporate Social Responsibility"},"content":{"rendered":"\n<div class=\"gb-element-06063f1e\">\n<div class=\"gb-element-ba6b26d6\">\n<p class=\"gb-text\">We are a law firm, partnering with our clients \u201cTo Respond Together\u201d to the legal problems that they face with. We also partner with our community \u201cTo Respond Together\u201d to the problems that our society face.<br><br>We have multi-layered Social Responsibility Program:<br><br>We work with research institutes, aerospace &amp; defense companies, technology transfer offices, universities day to day. Supporting education, especially in technology, is one of the layers of HERDEM\u2019s Social Responsibility Projects.<br><br>Right to inclusion of a person is quite important especially for disabled people. We know how important it is is&nbsp; in every aspect of our lifes. We have been working with charities and NGOs to support disabled people&#8217;s inclusion in civil and business societies.<br><br>Being a good citizen is our catch-all layer. Simple and short, when we see that we can make a difference, we make a difference.<\/p>\n<\/div>\n<\/div>\n\n\n\n<div class=\"gb-element-3c76e717\">\n<div class=\"gb-element-b1e590cc\">\n<div class=\"gb-element-cd6d0f83\">\n<div class=\"gb-element-3b3578a0\">\n<img loading=\"lazy\" decoding=\"async\" width=\"64\" height=\"64\" class=\"gb-media-262ac2da\" src=\"https:\/\/herdemlaw.com\/wp-content\/uploads\/2025\/03\/contribution.png\" title=\"contribution\"\/>\n<\/div>\n\n\n\n<h3 class=\"gb-text gb-text-cfdce35c\">Contribution To The Knowledge Economy.<\/h3>\n\n\n\n<p class=\"gb-text gb-text-f0a48f28\">Herdem Attorneys at Law has launched the<strong><mark style=\"background-color:rgba(0, 0, 0, 0)\" class=\"has-inline-color has-base-color\"> <\/mark><a href=\"https:\/\/ttcsn.com\/\" data-type=\"link\" data-id=\"https:\/\/ttcsn.com\/\" rel=\"noopener\"><mark style=\"background-color:var(--base)\" class=\"has-inline-color\">Turkish Trade Compliance &amp; Sanctions Network (TTCSN)<\/mark><\/a><\/strong> as part of its corporate social responsibility (CSR) initiative. TTCSN aims to become the largest knowledge-sharing platform for compliance professionals, fostering collaboration and best practices in trade compliance and sanctions.<\/p>\n<\/div>\n\n\n\n<div class=\"gb-element-80601401\">\n<div class=\"gb-element-791fa0d1\">\n<img loading=\"lazy\" decoding=\"async\" width=\"64\" height=\"64\" class=\"gb-media-fec1c915\" src=\"https:\/\/herdemlaw.com\/wp-content\/uploads\/2025\/03\/charity.png\" title=\"charity\"\/>\n<\/div>\n\n\n\n<h3 class=\"gb-text gb-text-3f9d2739\">Charity Support Project<\/h3>\n\n\n\n<p class=\"gb-text gb-text-7b1a2e61\">HERDEM supports Ahtopot G\u00f6n\u00fcll\u00fcleri Charity. They say \u201cDo not Complain, take action\u201d. We will always be in action and in support of charities which wants make different.<\/p>\n<\/div>\n\n\n\n<div class=\"gb-element-142fd2b7\">\n<div class=\"gb-element-92804a9a\">\n<img loading=\"lazy\" decoding=\"async\" width=\"64\" height=\"64\" class=\"gb-media-f08e1993\" src=\"https:\/\/herdemlaw.com\/wp-content\/uploads\/2025\/03\/disability.png\" title=\"disability\"\/>\n<\/div>\n\n\n\n<h3 class=\"gb-text gb-text-e9382cc2\">Movie Theater for Disabled People<\/h3>\n\n\n\n<p class=\"gb-text gb-text-8cf0f86c\">HERDEM prouds to fund the construction of a movie theatre designed specially for disabled people.<br><a href=\"https:\/\/herdem.av.tr\/herdem360\" rel=\"noopener\"><\/a><\/p>\n<\/div>\n<\/div>\n<\/div>\n\n\n\n<p><\/p>\n","protected":false},"excerpt":{"rendered":"<p>We are a law firm, partnering with our clients \u201cTo Respond Together\u201d to the legal problems that they face with. &#8230; <a title=\"Corporate Social Responsibility\" class=\"read-more\" href=\"https:\/\/herdemlaw.com\/en-us\/social-responsibility\/\" aria-label=\"Read more about Corporate Social Responsibility\">Read more<\/a><\/p>\n","protected":false},"author":1,"featured_media":0,"parent":0,"menu_order":0,"comment_status":"closed","ping_status":"closed","template":"","meta":{"footnotes":""},"class_list":["post-234","page","type-page","status-publish"],"aioseo_notices":[],"_links":{"self":[{"href":"https:\/\/herdemlaw.com\/en-us\/wp-json\/wp\/v2\/pages\/234","targetHints":{"allow":["GET"]}}],"collection":[{"href":"https:\/\/herdemlaw.com\/en-us\/wp-json\/wp\/v2\/pages"}],"about":[{"href":"https:\/\/herdemlaw.com\/en-us\/wp-json\/wp\/v2\/types\/page"}],"author":[{"embeddable":true,"href":"https:\/\/herdemlaw.com\/en-us\/wp-json\/wp\/v2\/users\/1"}],"replies":[{"embeddable":true,"href":"https:\/\/herdemlaw.com\/en-us\/wp-json\/wp\/v2\/comments?post=234"}],"version-history":[{"count":24,"href":"https:\/\/herdemlaw.com\/en-us\/wp-json\/wp\/v2\/pages\/234\/revisions"}],"predecessor-version":[{"id":8246,"href":"https:\/\/herdemlaw.com\/en-us\/wp-json\/wp\/v2\/pages\/234\/revisions\/8246"}],"wp:attachment":[{"href":"https:\/\/herdemlaw.com\/en-us\/wp-json\/wp\/v2\/media?parent=234"}],"curies":[{"name":"wp","href":"https:\/\/api.w.org\/{rel}","templated":true}]}}